{"id":1704,"date":"2014-06-02T08:39:50","date_gmt":"2014-06-02T08:39:50","guid":{"rendered":"https:\/\/www.templatemonster.com\/de\/blog\/?page_id=1704"},"modified":"2020-04-02T12:14:15","modified_gmt":"2020-04-02T12:14:15","slug":"ueber-uns","status":"publish","type":"page","link":"https:\/\/monsterspost.com\/de\/ueber-uns\/","title":{"rendered":"\u00dcber uns"},"content":{"rendered":"<p style=\"text-align: center\"><span>Willkommen auf dem Blog f\u00fcr Webdesign und Marketing von TemplateMonster!<\/span><\/p>\n<p>Der TemplateMonster Deutscher Blog ist ein t\u00e4glich aktualisierter kollektiver Design-Blog mit Community. Wir berichten hier \u00fcber jeden Aspekt der Branche \u2013 aktuelle Nachrichten, st\u00e4ndige Design-Reviews, brandaktuelle Entwicklungswerkzeuge, Enth\u00fcllungsgeschichten von renommierten Namen und talentierten Newcomern.<\/p>\n<p>Wir sehen alles, was wir ver\u00f6ffentlichen, als eine Gelegenheit, das zeitgen\u00f6ssische Leben unter dem Aspekt des Web-Designs und der Web-Entwicklung zu untersuchen, zusammen mit unserer internationalen Leserschaft.<\/p>\n<p>Der Blog ist ein Teil der Website <a rel=\"noopener noreferrer\" href=\"http:\/\/www.templatemonster.com\/de\/\" target=\"_blank\">TemplateMonster Deutschland<\/a>, die dem NY-Unternehmen<strong> Jetimpex<\/strong> geh\u00f6rt.<\/p>\n<div class=\"sm_hr\"><\/div><!-- .sm_hr (end) -->\n<h3><strong>Eine radikale Ver\u00e4nderung<\/strong><\/h3>\n<p>Es ist eine interessante Erfahrung, zuzuschauen, wie der TemplateMonster-Blog, den wir vor langer Zeit ins Leben gerufen haben, auf einer Welle der allgemeinen Beliebtheit schwimmt. Dann hatten wir diese Idee f\u00fcr eine Blog-Umgestaltung. Also haben wir unsere Kr\u00e4fte abgestimmt, uns am Layout festgebissen, elegant unseren Code Zeile f\u00fcr Zeile angefertigt, akribisch unsere Entw\u00fcrfe getestet und waren dabei die ganze Zeit hungrig danach, es immer noch besser zu machen<strong>.<\/strong><br \/>\nNun ist die Neugestaltung abgeschlossen, und Ihr seid hier ... Willkommen zum neuen TemplateMonster Deutschen Blog!<\/p>\n<div class=\"sm_hr\"><\/div><!-- .sm_hr (end) -->\n<div class=\"row-fluid \">\n<div class=\"span6 \"><h3>Blog Inhalt<\/h3>\n<p><a href=\"http:\/\/blog.templatemonster.com\/wp-content\/uploads\/2013\/10\/Blog-Content-MonsterPost.jpg\" target=\"_blank\"><img decoding=\"async\" loading=\"lazy\" class=\"aligncenter size-full wp-image-46697\" src=\"http:\/\/blog.templatemonster.com\/wp-content\/uploads\/2013\/10\/Blog-Content-MonsterPost.jpg\" alt=\"Blog Content MonsterPost\" width=\"335\" height=\"200\" \/><\/a><\/p>\n<p>Im TemplateMonster Deutschen Blog findet Ihr verschiedene Artikel, Tutorials, Freebies, Werkzeuge, Infografiken \u2013 alles, was mit der Welt des Web-Designs und Web-Entwicklung zu tun hat. Wir werden sachbezogen sein und von Anfang mit gutem Fachwissen f\u00fcr Euch da sein.<\/p><\/div>\n<div class=\"span6 \"><h3>Gast-Posting<\/h3>\n<p><a href=\"http:\/\/blog.templatemonster.com\/wp-content\/uploads\/2013\/10\/Guest-Posting-MonsterPost.jpg\" target=\"_blank\"><img decoding=\"async\" loading=\"lazy\" class=\"aligncenter size-full wp-image-46702\" src=\"http:\/\/blog.templatemonster.com\/wp-content\/uploads\/2013\/10\/Guest-Posting-MonsterPost.jpg\" alt=\"Guest-Posting MonsterPost\" width=\"335\" height=\"200\" \/><\/a><\/p>\n<p>Der TemplateMonster Deutscher Blog arbeitet eng mit innovativen Web-Talenten, Forschern und Entwicklern zusammen, um neue Ideen zu enth\u00fcllen und aufzuzeigen, wie Menschen \u00fcber Web-Design denken und wie sie damit arbeiten. Wenn Ihr Euch unserem Blog anschlie\u00dfen m\u00f6chtet, besucht bitte die Seite f\u00fcr <a rel=\"noopener noreferrer\" href=\"https:\/\/www.templatemonster.com\/blog\/de\/kooperationsmoglichkeiten\/\" target=\"_blank\">die Gastbeitrags-Richtlinien<\/a>.<\/p><\/div>\n<\/div> <!-- .row-fluid (end) -->\n","protected":false},"excerpt":{"rendered":"<p>Willkommen auf dem Blog f\u00fcr Webdesign und Marketing von TemplateMonster! Der TemplateMonster Deutscher Blog ist ein t\u00e4glich aktualisierter kollektiver Design-Blog mit Community. Wir berichten hier \u00fcber jeden Aspekt der Branche \u2013 aktuelle Nachrichten, st\u00e4ndige Design-Reviews, brandaktuelle Entwicklungswerkzeuge, Enth\u00fcllungsgeschichten von renommierten Namen und talentierten Newcomern. Wir sehen alles, was wir ver\u00f6ffentlichen, als eine Gelegenheit, das zeitgen\u00f6ssische [&hellip;]<\/p>\n","protected":false},"author":2098083,"featured_media":0,"parent":0,"menu_order":0,"comment_status":"open","ping_status":"open","template":"","meta":[],"yoast_head":"<!-- This site is optimized with the Yoast SEO plugin v19.11 - https:\/\/yoast.com\/wordpress\/plugins\/seo\/ -->\n<title>\u00dcber uns \u2b50 TemplateMonster Deutscher Blog<\/title>\n<meta name=\"description\" content=\"Willkommen auf dem Blog f\u00fcr Webdesign und Marketing von TemplateMonster! Der TemplateMonster Deutscher Blog ist ein t\u00e4glich aktualisierter kollektiver\" \/>\n<meta name=\"robots\" content=\"index, follow, max-snippet:-1, max-image-preview:large, max-video-preview:-1\" \/>\n<link rel=\"canonical\" href=\"https:\/\/monsterspost.com\/de\/ueber-uns\/\" \/>\n<meta property=\"og:locale\" content=\"de_DE\" \/>\n<meta property=\"og:type\" content=\"article\" \/>\n<meta property=\"og:title\" content=\"\u00dcber uns \u2b50 TemplateMonster Deutscher Blog\" \/>\n<meta property=\"og:description\" content=\"Willkommen auf dem Blog f\u00fcr Webdesign und Marketing von TemplateMonster! Der TemplateMonster Deutscher Blog ist ein t\u00e4glich aktualisierter kollektiver\" \/>\n<meta property=\"og:url\" content=\"https:\/\/monsterspost.com\/de\/ueber-uns\/\" \/>\n<meta property=\"og:site_name\" content=\"TemplateMonster Deutscher Blog\" \/>\n<meta property=\"article:publisher\" content=\"https:\/\/www.facebook.com\/templatemonster.de\/\" \/>\n<meta property=\"article:modified_time\" content=\"2020-04-02T12:14:15+00:00\" \/>\n<meta property=\"og:image\" content=\"http:\/\/blog.templatemonster.com\/wp-content\/uploads\/2013\/10\/Blog-Content-MonsterPost.jpg\" \/>\n<meta name=\"twitter:card\" content=\"summary_large_image\" \/>\n<meta name=\"twitter:site\" content=\"@TM_Deutschland\" \/>\n<meta name=\"twitter:label1\" content=\"Gesch\u00e4tzte Lesezeit\" \/>\n\t<meta name=\"twitter:data1\" content=\"1 Minute\" \/>\n<script type=\"application\/ld+json\" class=\"yoast-schema-graph\">{\"@context\":\"https:\/\/schema.org\",\"@graph\":[{\"@type\":\"WebPage\",\"@id\":\"https:\/\/monsterspost.com\/de\/ueber-uns\/\",\"url\":\"https:\/\/monsterspost.com\/de\/ueber-uns\/\",\"name\":\"\u00dcber uns \u2b50 TemplateMonster Deutscher Blog\",\"isPartOf\":{\"@id\":\"https:\/\/monsterspost.com\/de\/#website\"},\"datePublished\":\"2014-06-02T08:39:50+00:00\",\"dateModified\":\"2020-04-02T12:14:15+00:00\",\"description\":\"Willkommen auf dem Blog f\u00fcr Webdesign und Marketing von TemplateMonster! Der TemplateMonster Deutscher Blog ist ein t\u00e4glich aktualisierter kollektiver\",\"breadcrumb\":{\"@id\":\"https:\/\/monsterspost.com\/de\/ueber-uns\/#breadcrumb\"},\"inLanguage\":\"de-DE\",\"potentialAction\":[{\"@type\":\"ReadAction\",\"target\":[\"https:\/\/monsterspost.com\/de\/ueber-uns\/\"]}]},{\"@type\":\"BreadcrumbList\",\"@id\":\"https:\/\/monsterspost.com\/de\/ueber-uns\/#breadcrumb\",\"itemListElement\":[{\"@type\":\"ListItem\",\"position\":1,\"name\":\"Home\",\"item\":\"https:\/\/monsterspost.com\/de\/\"},{\"@type\":\"ListItem\",\"position\":2,\"name\":\"\u00dcber uns\"}]},{\"@type\":\"WebSite\",\"@id\":\"https:\/\/monsterspost.com\/de\/#website\",\"url\":\"https:\/\/monsterspost.com\/de\/\",\"name\":\"TemplateMonster Deutscher Blog\",\"description\":\"Just another MonsterPost Sites site\",\"publisher\":{\"@id\":\"https:\/\/monsterspost.com\/de\/#organization\"},\"potentialAction\":[{\"@type\":\"SearchAction\",\"target\":{\"@type\":\"EntryPoint\",\"urlTemplate\":\"https:\/\/monsterspost.com\/de\/?s={search_term_string}\"},\"query-input\":\"required name=search_term_string\"}],\"inLanguage\":\"de-DE\"},{\"@type\":\"Organization\",\"@id\":\"https:\/\/monsterspost.com\/de\/#organization\",\"name\":\"MonsterPost Deutschland\",\"url\":\"https:\/\/monsterspost.com\/de\/\",\"logo\":{\"@type\":\"ImageObject\",\"inLanguage\":\"de-DE\",\"@id\":\"https:\/\/monsterspost.com\/de\/#\/schema\/logo\/image\/\",\"url\":\"https:\/\/monsterspost.com\/de\/wp-content\/uploads\/sites\/5\/2020\/03\/Logo-TM.png\",\"contentUrl\":\"https:\/\/monsterspost.com\/de\/wp-content\/uploads\/sites\/5\/2020\/03\/Logo-TM.png\",\"width\":180,\"height\":180,\"caption\":\"MonsterPost Deutschland\"},\"image\":{\"@id\":\"https:\/\/monsterspost.com\/de\/#\/schema\/logo\/image\/\"},\"sameAs\":[\"https:\/\/www.instagram.com\/template_monster\/\",\"https:\/\/www.pinterest.com\/templatemonster\/\",\"https:\/\/www.youtube.com\/channel\/UC19iEGcEhlFidO5ruNGE5yg\",\"https:\/\/www.facebook.com\/templatemonster.de\/\",\"https:\/\/twitter.com\/TM_Deutschland\"]}]}<\/script>\n<!-- \/ Yoast SEO plugin. -->","yoast_head_json":{"title":"\u00dcber uns \u2b50 TemplateMonster Deutscher Blog","description":"Willkommen auf dem Blog f\u00fcr Webdesign und Marketing von TemplateMonster! Der TemplateMonster Deutscher Blog ist ein t\u00e4glich aktualisierter kollektiver","robots":{"index":"index","follow":"follow","max-snippet":"max-snippet:-1","max-image-preview":"max-image-preview:large","max-video-preview":"max-video-preview:-1"},"canonical":"https:\/\/monsterspost.com\/de\/ueber-uns\/","og_locale":"de_DE","og_type":"article","og_title":"\u00dcber uns \u2b50 TemplateMonster Deutscher Blog","og_description":"Willkommen auf dem Blog f\u00fcr Webdesign und Marketing von TemplateMonster! Der TemplateMonster Deutscher Blog ist ein t\u00e4glich aktualisierter kollektiver","og_url":"https:\/\/monsterspost.com\/de\/ueber-uns\/","og_site_name":"TemplateMonster Deutscher Blog","article_publisher":"https:\/\/www.facebook.com\/templatemonster.de\/","article_modified_time":"2020-04-02T12:14:15+00:00","og_image":[{"url":"http:\/\/blog.templatemonster.com\/wp-content\/uploads\/2013\/10\/Blog-Content-MonsterPost.jpg"}],"twitter_card":"summary_large_image","twitter_site":"@TM_Deutschland","twitter_misc":{"Gesch\u00e4tzte Lesezeit":"1 Minute"},"schema":{"@context":"https:\/\/schema.org","@graph":[{"@type":"WebPage","@id":"https:\/\/monsterspost.com\/de\/ueber-uns\/","url":"https:\/\/monsterspost.com\/de\/ueber-uns\/","name":"\u00dcber uns \u2b50 TemplateMonster Deutscher Blog","isPartOf":{"@id":"https:\/\/monsterspost.com\/de\/#website"},"datePublished":"2014-06-02T08:39:50+00:00","dateModified":"2020-04-02T12:14:15+00:00","description":"Willkommen auf dem Blog f\u00fcr Webdesign und Marketing von TemplateMonster! Der TemplateMonster Deutscher Blog ist ein t\u00e4glich aktualisierter kollektiver","breadcrumb":{"@id":"https:\/\/monsterspost.com\/de\/ueber-uns\/#breadcrumb"},"inLanguage":"de-DE","potentialAction":[{"@type":"ReadAction","target":["https:\/\/monsterspost.com\/de\/ueber-uns\/"]}]},{"@type":"BreadcrumbList","@id":"https:\/\/monsterspost.com\/de\/ueber-uns\/#breadcrumb","itemListElement":[{"@type":"ListItem","position":1,"name":"Home","item":"https:\/\/monsterspost.com\/de\/"},{"@type":"ListItem","position":2,"name":"\u00dcber uns"}]},{"@type":"WebSite","@id":"https:\/\/monsterspost.com\/de\/#website","url":"https:\/\/monsterspost.com\/de\/","name":"TemplateMonster Deutscher Blog","description":"Just another MonsterPost Sites site","publisher":{"@id":"https:\/\/monsterspost.com\/de\/#organization"},"potentialAction":[{"@type":"SearchAction","target":{"@type":"EntryPoint","urlTemplate":"https:\/\/monsterspost.com\/de\/?s={search_term_string}"},"query-input":"required name=search_term_string"}],"inLanguage":"de-DE"},{"@type":"Organization","@id":"https:\/\/monsterspost.com\/de\/#organization","name":"MonsterPost Deutschland","url":"https:\/\/monsterspost.com\/de\/","logo":{"@type":"ImageObject","inLanguage":"de-DE","@id":"https:\/\/monsterspost.com\/de\/#\/schema\/logo\/image\/","url":"https:\/\/monsterspost.com\/de\/wp-content\/uploads\/sites\/5\/2020\/03\/Logo-TM.png","contentUrl":"https:\/\/monsterspost.com\/de\/wp-content\/uploads\/sites\/5\/2020\/03\/Logo-TM.png","width":180,"height":180,"caption":"MonsterPost Deutschland"},"image":{"@id":"https:\/\/monsterspost.com\/de\/#\/schema\/logo\/image\/"},"sameAs":["https:\/\/www.instagram.com\/template_monster\/","https:\/\/www.pinterest.com\/templatemonster\/","https:\/\/www.youtube.com\/channel\/UC19iEGcEhlFidO5ruNGE5yg","https:\/\/www.facebook.com\/templatemonster.de\/","https:\/\/twitter.com\/TM_Deutschland"]}]}},"_links":{"self":[{"href":"https:\/\/monsterspost.com\/de\/wp-json\/wp\/v2\/pages\/1704"}],"collection":[{"href":"https:\/\/monsterspost.com\/de\/wp-json\/wp\/v2\/pages"}],"about":[{"href":"https:\/\/monsterspost.com\/de\/wp-json\/wp\/v2\/types\/page"}],"author":[{"embeddable":true,"href":"https:\/\/monsterspost.com\/de\/wp-json\/wp\/v2\/users\/2098083"}],"replies":[{"embeddable":true,"href":"https:\/\/monsterspost.com\/de\/wp-json\/wp\/v2\/comments?post=1704"}],"version-history":[{"count":8,"href":"https:\/\/monsterspost.com\/de\/wp-json\/wp\/v2\/pages\/1704\/revisions"}],"predecessor-version":[{"id":24880,"href":"https:\/\/monsterspost.com\/de\/wp-json\/wp\/v2\/pages\/1704\/revisions\/24880"}],"wp:attachment":[{"href":"https:\/\/monsterspost.com\/de\/wp-json\/wp\/v2\/media?parent=1704"}],"curies":[{"name":"wp","href":"https:\/\/api.w.org\/{rel}","templated":true}]}}