{"id":21349,"date":"2020-04-02T08:00:49","date_gmt":"2020-04-02T08:00:49","guid":{"rendered":"https:\/\/monsterspost.com\/es\/?page_id=21349"},"modified":"2020-04-02T08:00:50","modified_gmt":"2020-04-02T08:00:50","slug":"colaboracion","status":"publish","type":"page","link":"https:\/\/monsterspost.com\/es\/colaboracion\/","title":{"rendered":"Colaboraci\u00f3n"},"content":{"rendered":"<h2>Colaboraci\u00f3n informativa<br \/><\/h2>\n<p>Si organizas alg\u00fan evento que puede ser de inter\u00e9s para nuestros clientes o lectores del blog, estar\u00edamos encantados de convertirnos en tu medio colaborador. Para discutir los detalles de la colaboraci\u00f3n, por favor, <a href=\"mailto:vladyko@templatemonster.me\" target=\"_blank\" rel=\"nofollow\">escr\u00edbenos<\/a>.<\/p>\n<h2>Posts patrocinados<br \/><\/h2>\n<p>Gracias a que estamos en constante b\u00fasqueda de talentos, somos quienes somos ahora. Nunca dejamos de buscar a las personas que verdaderamente aman su trabajo y lo dedican mucho tiempo y esfuerzo.<\/p>\n<p>Si tienes algo que compartir con nuestros lectores, \u00a1estar\u00edamos encantados de publicar tus materiales en nuestro blog! Pero antes de enviarnos tu art\u00edculo, por favor, aseg\u00farate de que cumpla con los siguientes requisitos:<\/p>\n<ul>\n<li>est\u00e1 escrito en espa\u00f1ol bueno;<\/li>\n<li>la longitud del art\u00edculo debe ser de 2000-6000 caracteres (o menor, si el art\u00edculo es lo suficientemente informativo y merece la atenci\u00f3n de los lectores);<\/li>\n<li>el texto debe contener im\u00e1genes (aceptamos im\u00e1genes de 760 * 455 px);<\/li>\n<li>el texto no debe contener m\u00e1s de 2 enlaces propios;<\/li>\n<li>nos debes proporcionar tu email enlazado a Gravatar y una biograf\u00eda corta de qu\u00eden eres (con, al m\u00e1ximo, un enlace activo);<\/li>\n<li>el art\u00edculo y las im\u00e1genes deben estar empaquetados en un archivo ZIP\/RAR. Las im\u00e1genes deben tener nombres relevantes (NO imagen1, imagen2).<\/li>\n<\/ul>\n<p>Recuerda que la decisi\u00f3n final sobre la publicaci\u00f3n del art\u00edculo toma nuestro editor y no est\u00e1 sujeta a discusi\u00f3n. Adem\u00e1s, reservamos el derecho de hacer cambios en el art\u00edculo.<\/p>\n<p>Te recomendamos que preliminarmente nos env\u00edes el tema del art\u00edculo antes de empezar a prepararla. En cualquier caso, <a href=\"mailto:vladyko@templatemonster.me\" target=\"_blank\" rel=\"nofollow\">escr\u00edbenos<\/a>, si tienes algo que decir a nuestros lectores.<\/p>\n<h2>Publicidad<br \/><\/h2>\n<p>La \u00fanica forma de anunciarse en nuestro blog es publicar banners en la parte superior de su barra lateral. <a href=\"mailto:vladyko@templatemonster.me\" target=\"_blank\" rel=\"nofollow\">Env\u00edanos un mensaje<\/a> para discutir todos los detalles.<\/p>\n","protected":false},"excerpt":{"rendered":"<p>Colaboraci\u00f3n informativa Si organizas alg\u00fan evento que puede ser de inter\u00e9s para nuestros clientes o lectores del blog, estar\u00edamos encantados de convertirnos en tu medio colaborador. Para discutir los detalles de la colaboraci\u00f3n, por favor, escr\u00edbenos. Posts patrocinados Gracias a que estamos en constante b\u00fasqueda de talentos, somos quienes somos ahora. Nunca dejamos de buscar [&hellip;]<\/p>\n","protected":false},"author":1646486,"featured_media":21342,"parent":0,"menu_order":0,"comment_status":"closed","ping_status":"closed","template":"","meta":[],"yoast_head":"<!-- This site is optimized with the Yoast SEO plugin v19.11 - https:\/\/yoast.com\/wordpress\/plugins\/seo\/ -->\n<title>Colaboraci\u00f3n<\/title>\n<meta name=\"description\" content=\"Si organizas alg\u00fan evento que puede ser de inter\u00e9s para nuestros lectores, estar\u00edamos encantados de convertirnos en tu medio colaborador.\" \/>\n<meta name=\"robots\" content=\"index, follow, max-snippet:-1, max-image-preview:large, max-video-preview:-1\" \/>\n<link rel=\"canonical\" href=\"https:\/\/monsterspost.com\/es\/colaboracion\/\" \/>\n<meta property=\"og:locale\" content=\"es_ES\" \/>\n<meta property=\"og:type\" content=\"article\" \/>\n<meta property=\"og:title\" content=\"Colaboraci\u00f3n\" \/>\n<meta property=\"og:description\" content=\"Si organizas alg\u00fan evento que puede ser de inter\u00e9s para nuestros lectores, estar\u00edamos encantados de convertirnos en tu medio colaborador.\" \/>\n<meta property=\"og:url\" content=\"https:\/\/monsterspost.com\/es\/colaboracion\/\" \/>\n<meta property=\"og:site_name\" content=\"Blog de TemplateMonster\" \/>\n<meta property=\"article:publisher\" content=\"https:\/\/www.facebook.com\/TemplateMonsterEspana\" \/>\n<meta property=\"article:modified_time\" content=\"2020-04-02T08:00:50+00:00\" \/>\n<meta property=\"og:image\" content=\"https:\/\/monsterspost.com\/es\/wp-content\/uploads\/sites\/4\/2020\/04\/MonsterPost-Espa\u00f1a.png\" \/>\n\t<meta property=\"og:image:width\" content=\"900\" \/>\n\t<meta property=\"og:image:height\" content=\"506\" \/>\n\t<meta property=\"og:image:type\" content=\"image\/png\" \/>\n<meta name=\"twitter:card\" content=\"summary_large_image\" \/>\n<meta name=\"twitter:site\" content=\"@TMonster_ES\" \/>\n<meta name=\"twitter:label1\" content=\"Tiempo de lectura\" \/>\n\t<meta name=\"twitter:data1\" content=\"2 minutos\" \/>\n<script type=\"application\/ld+json\" class=\"yoast-schema-graph\">{\"@context\":\"https:\/\/schema.org\",\"@graph\":[{\"@type\":\"WebPage\",\"@id\":\"https:\/\/monsterspost.com\/es\/colaboracion\/\",\"url\":\"https:\/\/monsterspost.com\/es\/colaboracion\/\",\"name\":\"Colaboraci\u00f3n\",\"isPartOf\":{\"@id\":\"https:\/\/monsterspost.com\/es\/#website\"},\"datePublished\":\"2020-04-02T08:00:49+00:00\",\"dateModified\":\"2020-04-02T08:00:50+00:00\",\"description\":\"Si organizas alg\u00fan evento que puede ser de inter\u00e9s para nuestros lectores, estar\u00edamos encantados de convertirnos en tu medio colaborador.\",\"breadcrumb\":{\"@id\":\"https:\/\/monsterspost.com\/es\/colaboracion\/#breadcrumb\"},\"inLanguage\":\"es\",\"potentialAction\":[{\"@type\":\"ReadAction\",\"target\":[\"https:\/\/monsterspost.com\/es\/colaboracion\/\"]}]},{\"@type\":\"BreadcrumbList\",\"@id\":\"https:\/\/monsterspost.com\/es\/colaboracion\/#breadcrumb\",\"itemListElement\":[{\"@type\":\"ListItem\",\"position\":1,\"name\":\"Home\",\"item\":\"https:\/\/monsterspost.com\/es\/\"},{\"@type\":\"ListItem\",\"position\":2,\"name\":\"Colaboraci\u00f3n\"}]},{\"@type\":\"WebSite\",\"@id\":\"https:\/\/monsterspost.com\/es\/#website\",\"url\":\"https:\/\/monsterspost.com\/es\/\",\"name\":\"Blog de TemplateMonster\",\"description\":\"Just another MonsterPost Sites site\",\"publisher\":{\"@id\":\"https:\/\/monsterspost.com\/es\/#organization\"},\"potentialAction\":[{\"@type\":\"SearchAction\",\"target\":{\"@type\":\"EntryPoint\",\"urlTemplate\":\"https:\/\/monsterspost.com\/es\/?s={search_term_string}\"},\"query-input\":\"required name=search_term_string\"}],\"inLanguage\":\"es\"},{\"@type\":\"Organization\",\"@id\":\"https:\/\/monsterspost.com\/es\/#organization\",\"name\":\"MonstersPost Espa\u00f1a\",\"url\":\"https:\/\/monsterspost.com\/es\/\",\"logo\":{\"@type\":\"ImageObject\",\"inLanguage\":\"es\",\"@id\":\"https:\/\/monsterspost.com\/es\/#\/schema\/logo\/image\/\",\"url\":\"https:\/\/monsterspost.com\/es\/wp-content\/uploads\/sites\/4\/2020\/03\/Logo-TM.png\",\"contentUrl\":\"https:\/\/monsterspost.com\/es\/wp-content\/uploads\/sites\/4\/2020\/03\/Logo-TM.png\",\"width\":180,\"height\":180,\"caption\":\"MonstersPost Espa\u00f1a\"},\"image\":{\"@id\":\"https:\/\/monsterspost.com\/es\/#\/schema\/logo\/image\/\"},\"sameAs\":[\"https:\/\/www.instagram.com\/template_monster\/\",\"https:\/\/www.pinterest.com\/templatemonster\/\",\"https:\/\/www.youtube.com\/user\/TemplateMonsterCo\/\",\"https:\/\/www.facebook.com\/TemplateMonsterEspana\",\"https:\/\/twitter.com\/TMonster_ES\"]}]}<\/script>\n<!-- \/ Yoast SEO plugin. -->","yoast_head_json":{"title":"Colaboraci\u00f3n","description":"Si organizas alg\u00fan evento que puede ser de inter\u00e9s para nuestros lectores, estar\u00edamos encantados de convertirnos en tu medio colaborador.","robots":{"index":"index","follow":"follow","max-snippet":"max-snippet:-1","max-image-preview":"max-image-preview:large","max-video-preview":"max-video-preview:-1"},"canonical":"https:\/\/monsterspost.com\/es\/colaboracion\/","og_locale":"es_ES","og_type":"article","og_title":"Colaboraci\u00f3n","og_description":"Si organizas alg\u00fan evento que puede ser de inter\u00e9s para nuestros lectores, estar\u00edamos encantados de convertirnos en tu medio colaborador.","og_url":"https:\/\/monsterspost.com\/es\/colaboracion\/","og_site_name":"Blog de TemplateMonster","article_publisher":"https:\/\/www.facebook.com\/TemplateMonsterEspana","article_modified_time":"2020-04-02T08:00:50+00:00","og_image":[{"width":900,"height":506,"url":"https:\/\/monsterspost.com\/es\/wp-content\/uploads\/sites\/4\/2020\/04\/MonsterPost-Espa\u00f1a.png","type":"image\/png"}],"twitter_card":"summary_large_image","twitter_site":"@TMonster_ES","twitter_misc":{"Tiempo de lectura":"2 minutos"},"schema":{"@context":"https:\/\/schema.org","@graph":[{"@type":"WebPage","@id":"https:\/\/monsterspost.com\/es\/colaboracion\/","url":"https:\/\/monsterspost.com\/es\/colaboracion\/","name":"Colaboraci\u00f3n","isPartOf":{"@id":"https:\/\/monsterspost.com\/es\/#website"},"datePublished":"2020-04-02T08:00:49+00:00","dateModified":"2020-04-02T08:00:50+00:00","description":"Si organizas alg\u00fan evento que puede ser de inter\u00e9s para nuestros lectores, estar\u00edamos encantados de convertirnos en tu medio colaborador.","breadcrumb":{"@id":"https:\/\/monsterspost.com\/es\/colaboracion\/#breadcrumb"},"inLanguage":"es","potentialAction":[{"@type":"ReadAction","target":["https:\/\/monsterspost.com\/es\/colaboracion\/"]}]},{"@type":"BreadcrumbList","@id":"https:\/\/monsterspost.com\/es\/colaboracion\/#breadcrumb","itemListElement":[{"@type":"ListItem","position":1,"name":"Home","item":"https:\/\/monsterspost.com\/es\/"},{"@type":"ListItem","position":2,"name":"Colaboraci\u00f3n"}]},{"@type":"WebSite","@id":"https:\/\/monsterspost.com\/es\/#website","url":"https:\/\/monsterspost.com\/es\/","name":"Blog de TemplateMonster","description":"Just another MonsterPost Sites site","publisher":{"@id":"https:\/\/monsterspost.com\/es\/#organization"},"potentialAction":[{"@type":"SearchAction","target":{"@type":"EntryPoint","urlTemplate":"https:\/\/monsterspost.com\/es\/?s={search_term_string}"},"query-input":"required name=search_term_string"}],"inLanguage":"es"},{"@type":"Organization","@id":"https:\/\/monsterspost.com\/es\/#organization","name":"MonstersPost Espa\u00f1a","url":"https:\/\/monsterspost.com\/es\/","logo":{"@type":"ImageObject","inLanguage":"es","@id":"https:\/\/monsterspost.com\/es\/#\/schema\/logo\/image\/","url":"https:\/\/monsterspost.com\/es\/wp-content\/uploads\/sites\/4\/2020\/03\/Logo-TM.png","contentUrl":"https:\/\/monsterspost.com\/es\/wp-content\/uploads\/sites\/4\/2020\/03\/Logo-TM.png","width":180,"height":180,"caption":"MonstersPost Espa\u00f1a"},"image":{"@id":"https:\/\/monsterspost.com\/es\/#\/schema\/logo\/image\/"},"sameAs":["https:\/\/www.instagram.com\/template_monster\/","https:\/\/www.pinterest.com\/templatemonster\/","https:\/\/www.youtube.com\/user\/TemplateMonsterCo\/","https:\/\/www.facebook.com\/TemplateMonsterEspana","https:\/\/twitter.com\/TMonster_ES"]}]}},"_links":{"self":[{"href":"https:\/\/monsterspost.com\/es\/wp-json\/wp\/v2\/pages\/21349"}],"collection":[{"href":"https:\/\/monsterspost.com\/es\/wp-json\/wp\/v2\/pages"}],"about":[{"href":"https:\/\/monsterspost.com\/es\/wp-json\/wp\/v2\/types\/page"}],"author":[{"embeddable":true,"href":"https:\/\/monsterspost.com\/es\/wp-json\/wp\/v2\/users\/1646486"}],"replies":[{"embeddable":true,"href":"https:\/\/monsterspost.com\/es\/wp-json\/wp\/v2\/comments?post=21349"}],"version-history":[{"count":1,"href":"https:\/\/monsterspost.com\/es\/wp-json\/wp\/v2\/pages\/21349\/revisions"}],"predecessor-version":[{"id":21350,"href":"https:\/\/monsterspost.com\/es\/wp-json\/wp\/v2\/pages\/21349\/revisions\/21350"}],"wp:featuredmedia":[{"embeddable":true,"href":"https:\/\/monsterspost.com\/es\/wp-json\/wp\/v2\/media\/21342"}],"wp:attachment":[{"href":"https:\/\/monsterspost.com\/es\/wp-json\/wp\/v2\/media?parent=21349"}],"curies":[{"name":"wp","href":"https:\/\/api.w.org\/{rel}","templated":true}]}}