{"id":3096,"date":"2015-01-30T09:43:24","date_gmt":"2015-01-30T09:43:24","guid":{"rendered":"https:\/\/www.templatemonster.com\/es\/blog\/?page_id=3096"},"modified":"2020-03-23T12:35:00","modified_gmt":"2020-03-23T12:35:00","slug":"contacts","status":"publish","type":"page","link":"https:\/\/monsterspost.com\/es\/contacts\/","title":{"rendered":"Contactos"},"content":{"rendered":"<div class=\"page_contacts\">\n<div class=\"form\">\n<div class=\"center\">\n<div class=\"form__wrap\">\n<div class=\"form__header\">\n<h1>\n                            Contactos del blog MonsterPost<br \/>\n                        <\/h1>\n<p>\n                            Si tienes alguna pregunta, sugerencia o notificaci\u00f3n al respecto, por favor, \u00a1h\u00e1znoslo saber!\n                        <\/p>\n<\/p><\/div>\n<form class=\"contacts_form\">\n<div class=\"row row_2\">\n<div class=\"label__wrap\">\n                                <svg class=\"svg_name\" width=\"25\" height=\"25\" viewBox=\"0 0 25 25\" fill=\"none\" xmlns=\"http:\/\/www.w3.org\/2000\/svg\">\n                                    <path fill-rule=\"evenodd\" clip-rule=\"evenodd\" d=\"M10.5 15.5C10.5 15.5 9 15 9 12.5C8.174 12.5 8.174 10.5 9 10.5C9 10.165 7.5 6.5 10 7C10.5 5 16 5 16.5 7C16.847 8.388 16 10.254 16 10.5C16.826 10.5 16.826 12.5 16 12.5C16 15 14.5 15.5 14.5 15.5V18C16.977 18.929 19.43 19.697 20.686 20.575C22.734 18.499 24 15.647 24 12.5C24 6.148 18.852 1 12.5 1C6.148 1 1 6.148 1 12.5C1 15.653 2.27 18.509 4.325 20.587C5.655 19.667 8.277 18.841 10.5 18V15.5V15.5Z\" stroke=\"#B3BEC4\" stroke-linejoin=\"round\"\/>\n                                    <path d=\"M4.32617 20.5872C6.41117 22.6942 9.30317 24.0002 12.5012 24.0002C15.7042 24.0002 18.6002 22.6902 20.6862 20.5752\" stroke=\"#B3BEC4\" stroke-linejoin=\"round\"\/>\n                                <\/svg><br \/>\n                                <input type=\"text\" placeholder=\"Escribe tu nombre\" class=\"name\"><\/p>\n<div class=\"error_text\">\n                                    Por favor, escribe tu nombre.\n                                <\/div>\n<\/p><\/div>\n<div class=\"label__wrap\">\n                                <svg class=\"svg_email\" width=\"21\" height=\"15\" viewBox=\"0 0 21 15\" fill=\"none\" xmlns=\"http:\/\/www.w3.org\/2000\/svg\">\n                                    <path fill-rule=\"evenodd\" clip-rule=\"evenodd\" d=\"M20 12.3095C20 13.0587 19.392 13.6667 18.6429 13.6667H2.35714C1.608 13.6667 1 13.0587 1 12.3095V2.35714C1 1.6071 1.608 1 2.35714 1H18.6429C19.392 1 20 1.6071 20 2.35714V12.3095V12.3095Z\" stroke=\"#B3BEC4\" stroke-linecap=\"round\" stroke-linejoin=\"round\"\/>\n                                    <path d=\"M19.5484 1.45312L10.5007 8.69122L1.45312 1.45312\" stroke=\"#B3BEC4\" stroke-linecap=\"round\" stroke-linejoin=\"round\"\/>\n                                <\/svg><br \/>\n                                <input type=\"text\" placeholder=\"Ingresa tu email\" class=\"email\"><\/p>\n<div class=\"error_text\">\n                                    Por favor, ingresa una direcci\u00f3n de correo electr\u00f3nico v\u00e1lida.\n                                <\/div>\n<\/p><\/div>\n<\/p><\/div>\n<div class=\"row\">\n<div class=\"label__wrap\">\n                                <svg class=\"svg_message\" width=\"25\" height=\"23\" viewBox=\"0 0 25 23\" fill=\"none\" xmlns=\"http:\/\/www.w3.org\/2000\/svg\">\n                                    <path fill-rule=\"evenodd\" clip-rule=\"evenodd\" d=\"M24 10.383C24 15.564 18.852 19.766 12.5 19.766C11.082 19.766 9.725 19.556 8.471 19.173L1.862 22.249L4.45 17.083C2.321 15.38 1 13.007 1 10.383C1 5.201 6.148 1 12.5 1C18.852 1 24 5.201 24 10.383V10.383Z\" stroke=\"#B3BEC4\" stroke-linejoin=\"round\"\/>\n                                <\/svg><br \/>\n                                <textarea rows=\"10\" placeholder=\"Ingresa tu mensaje\" class=\"message\"><\/textarea><\/p>\n<div class=\"error_text\">\n                                    Por favor, ingresa tu mensaje.\n                                <\/div>\n<\/p><\/div>\n<\/p><\/div>\n<div class=\"btn_submit\">\n                            <button type=\"submit\">Enviar mensaje<\/button>\n                        <\/div>\n<div class=\"server_error\">\n                            Error del servidor. Por favor, int\u00e9ntalo de nuevo m\u00e1s tarde.\n                        <\/div>\n<\/p><\/form>\n<div class=\"soc\">\n<h2>P\u00f3nte en contacto con nosotros a trav\u00e9s de redes sociales<\/h2>\n<div class=\"global_soc__list\">\n                            <a href=\"https:\/\/www.facebook.com\/TemplateMonsterEspana\" class=\"fb broken_link\" target=\"_blank\" rel=\"noopener noreferrer nofollow\"><br \/>\n                                <svg width=\"9\" height=\"18\" viewBox=\"0 0 9 18\" fill=\"none\" xmlns=\"http:\/\/www.w3.org\/2000\/svg\">\n                                    <path d=\"M5.625 6.1875V3.9375C5.625 3.3165 6.129 2.8125 6.75 2.8125H7.875V0H5.625C3.76087 0 2.25 1.51088 2.25 3.375V6.1875H0V9H2.25V18H5.625V9H7.875L9 6.1875H5.625Z\" fill=\"white\"\/>\n                                <\/svg><br \/>\n                            <\/a><br \/>\n                            <a href=\"https:\/\/twitter.com\/TMonster_ES\" class=\"tw\" target=\"_blank\" rel=\"noopener noreferrer nofollow\"><br \/>\n                                <svg width=\"20\" height=\"18\" viewBox=\"0 0 20 18\" fill=\"none\" xmlns=\"http:\/\/www.w3.org\/2000\/svg\">\n                                    <path d=\"M20 2.72123C19.2563 3.05156 18.4637 3.27052 17.6375 3.37683C18.4875 2.86298 19.1363 2.05552 19.4412 1.08225C18.6488 1.56066 17.7738 1.89858 16.8412 2.08716C16.0887 1.27589 15.0162 0.773438 13.8462 0.773438C11.5763 0.773438 9.74875 2.63897 9.74875 4.92595C9.74875 5.25502 9.77625 5.57142 9.84375 5.87264C6.435 5.70431 3.41875 4.05014 1.3925 1.53028C1.03875 2.1517 0.83125 2.86298 0.83125 3.62869C0.83125 5.06644 1.5625 6.34092 2.6525 7.07878C1.99375 7.06612 1.3475 6.87248 0.8 6.56747C0.8 6.58012 0.8 6.59658 0.8 6.61303C0.8 8.63044 2.22125 10.3061 4.085 10.6921C3.75125 10.7845 3.3875 10.8288 3.01 10.8288C2.7475 10.8288 2.4825 10.8136 2.23375 10.758C2.765 12.402 4.2725 13.6107 6.065 13.6499C4.67 14.7548 2.89875 15.4205 0.98125 15.4205C0.645 15.4205 0.3225 15.4053 0 15.3636C1.81625 16.5495 3.96875 17.2266 6.29 17.2266C13.835 17.2266 17.96 10.8984 17.96 5.41322C17.96 5.2297 17.9538 5.05252 17.945 4.87659C18.7588 4.29188 19.4425 3.56161 20 2.72123Z\" fill=\"white\"\/>\n                                <\/svg><br \/>\n                            <\/a>\n                        <\/div>\n<\/p><\/div>\n<\/p><\/div>\n<\/p><\/div>\n<\/p><\/div>\n<div class=\"other\">\n<div class=\"center\">\n<h2>Otros contactos<\/h2>\n<div class=\"item__list\">\n<div class=\"item\">\n<h3>Equipo editorial del blog:<\/h3>\n<p>\n                            Email: <a href=\"mailto:avbulat@templatemonster.me\" target=\"_blank\" rel=\"noopener noreferrer nofollow\">avbulat@templatemonster.me<\/a>\n                        <\/p>\n<\/p><\/div>\n<div class=\"item\">\n<h3>Departamento de marketing:<\/h3>\n<p>\n                            Email: <a href=\"mailto:marketing@templatemonster.com\" target=\"_blank\" rel=\"noopener noreferrer\">marketing@templatemonster.com<\/a> <br \/>\n                            Phone: +1-347-342-0463\n                        <\/p>\n<\/p><\/div>\n<div class=\"item\">\n<h3>Departamento de atenci\u00f3n al cliente:<\/h3>\n<p>\n                            Email: <a href=\"mailto:support.template-help.com\" target=\"_blank\" rel=\"noopener noreferrer nofollow\">support.template-help.com<\/a>\n                        <\/p>\n<\/p><\/div>\n<\/p><\/div>\n<p>                <img decoding=\"async\" class=\"other__bg\" src=\"\/blog\/wp-content\/themes\/redesign\/images\/page_contacts_other.png\" alt=\"MonsterPost contact details\">\n            <\/div>\n<\/p><\/div>\n<\/p><\/div>\n","protected":false},"excerpt":{"rendered":"<p>Contactos del blog MonsterPost Si tienes alguna pregunta, sugerencia o notificaci\u00f3n al respecto, por favor, \u00a1h\u00e1znoslo saber! Por favor, escribe tu nombre. Por favor, ingresa una direcci\u00f3n de correo electr\u00f3nico v\u00e1lida. Por favor, ingresa tu mensaje. Enviar mensaje Error del servidor. Por favor, int\u00e9ntalo de nuevo m\u00e1s tarde. P\u00f3nte en contacto con nosotros a trav\u00e9s [&hellip;]<\/p>\n","protected":false},"author":1805325,"featured_media":0,"parent":0,"menu_order":0,"comment_status":"open","ping_status":"open","template":"page-contacts.php","meta":[],"yoast_head":"<!-- This site is optimized with the Yoast SEO plugin v19.11 - https:\/\/yoast.com\/wordpress\/plugins\/seo\/ -->\n<title>Contactos \u2b50 Blog de TemplateMonster<\/title>\n<meta name=\"description\" content=\"Contactos del blog MonsterPost Si tienes alguna pregunta, sugerencia o notificaci\u00f3n al respecto, por favor, \u00a1h\u00e1znoslo saber! Por favor, escribe tu nombre.\" \/>\n<meta name=\"robots\" content=\"index, follow, max-snippet:-1, max-image-preview:large, max-video-preview:-1\" \/>\n<link rel=\"canonical\" href=\"https:\/\/monsterspost.com\/es\/contacts\/\" \/>\n<meta property=\"og:locale\" content=\"es_ES\" \/>\n<meta property=\"og:type\" content=\"article\" \/>\n<meta property=\"og:title\" content=\"Contactos \u2b50 Blog de TemplateMonster\" \/>\n<meta property=\"og:description\" content=\"Contactos del blog MonsterPost Si tienes alguna pregunta, sugerencia o notificaci\u00f3n al respecto, por favor, \u00a1h\u00e1znoslo saber! Por favor, escribe tu nombre.\" \/>\n<meta property=\"og:url\" content=\"https:\/\/monsterspost.com\/es\/contacts\/\" \/>\n<meta property=\"og:site_name\" content=\"Blog de TemplateMonster\" \/>\n<meta property=\"article:publisher\" content=\"https:\/\/www.facebook.com\/TemplateMonsterEspana\" \/>\n<meta property=\"article:modified_time\" content=\"2020-03-23T12:35:00+00:00\" \/>\n<meta property=\"og:image\" content=\"https:\/\/monsterspost.com\/es\/wp-content\/uploads\/sites\/4\/2020\/03\/template-monster.jpg\" \/>\n\t<meta property=\"og:image:width\" content=\"900\" \/>\n\t<meta property=\"og:image:height\" content=\"506\" \/>\n\t<meta property=\"og:image:type\" content=\"image\/jpeg\" \/>\n<meta name=\"twitter:card\" content=\"summary_large_image\" \/>\n<meta name=\"twitter:site\" content=\"@TMonster_ES\" \/>\n<script type=\"application\/ld+json\" class=\"yoast-schema-graph\">{\"@context\":\"https:\/\/schema.org\",\"@graph\":[{\"@type\":\"WebPage\",\"@id\":\"https:\/\/monsterspost.com\/es\/contacts\/\",\"url\":\"https:\/\/monsterspost.com\/es\/contacts\/\",\"name\":\"Contactos \u2b50 Blog de TemplateMonster\",\"isPartOf\":{\"@id\":\"https:\/\/monsterspost.com\/es\/#website\"},\"datePublished\":\"2015-01-30T09:43:24+00:00\",\"dateModified\":\"2020-03-23T12:35:00+00:00\",\"description\":\"Contactos del blog MonsterPost Si tienes alguna pregunta, sugerencia o notificaci\u00f3n al respecto, por favor, \u00a1h\u00e1znoslo saber! Por favor, escribe tu nombre.\",\"breadcrumb\":{\"@id\":\"https:\/\/monsterspost.com\/es\/contacts\/#breadcrumb\"},\"inLanguage\":\"es\",\"potentialAction\":[{\"@type\":\"ReadAction\",\"target\":[\"https:\/\/monsterspost.com\/es\/contacts\/\"]}]},{\"@type\":\"BreadcrumbList\",\"@id\":\"https:\/\/monsterspost.com\/es\/contacts\/#breadcrumb\",\"itemListElement\":[{\"@type\":\"ListItem\",\"position\":1,\"name\":\"Home\",\"item\":\"https:\/\/monsterspost.com\/es\/\"},{\"@type\":\"ListItem\",\"position\":2,\"name\":\"Contactos\"}]},{\"@type\":\"WebSite\",\"@id\":\"https:\/\/monsterspost.com\/es\/#website\",\"url\":\"https:\/\/monsterspost.com\/es\/\",\"name\":\"Blog de TemplateMonster\",\"description\":\"Just another MonsterPost Sites site\",\"publisher\":{\"@id\":\"https:\/\/monsterspost.com\/es\/#organization\"},\"potentialAction\":[{\"@type\":\"SearchAction\",\"target\":{\"@type\":\"EntryPoint\",\"urlTemplate\":\"https:\/\/monsterspost.com\/es\/?s={search_term_string}\"},\"query-input\":\"required name=search_term_string\"}],\"inLanguage\":\"es\"},{\"@type\":\"Organization\",\"@id\":\"https:\/\/monsterspost.com\/es\/#organization\",\"name\":\"MonstersPost Espa\u00f1a\",\"url\":\"https:\/\/monsterspost.com\/es\/\",\"logo\":{\"@type\":\"ImageObject\",\"inLanguage\":\"es\",\"@id\":\"https:\/\/monsterspost.com\/es\/#\/schema\/logo\/image\/\",\"url\":\"https:\/\/monsterspost.com\/es\/wp-content\/uploads\/sites\/4\/2020\/03\/Logo-TM.png\",\"contentUrl\":\"https:\/\/monsterspost.com\/es\/wp-content\/uploads\/sites\/4\/2020\/03\/Logo-TM.png\",\"width\":180,\"height\":180,\"caption\":\"MonstersPost Espa\u00f1a\"},\"image\":{\"@id\":\"https:\/\/monsterspost.com\/es\/#\/schema\/logo\/image\/\"},\"sameAs\":[\"https:\/\/www.instagram.com\/template_monster\/\",\"https:\/\/www.pinterest.com\/templatemonster\/\",\"https:\/\/www.youtube.com\/user\/TemplateMonsterCo\/\",\"https:\/\/www.facebook.com\/TemplateMonsterEspana\",\"https:\/\/twitter.com\/TMonster_ES\"]}]}<\/script>\n<!-- \/ Yoast SEO plugin. -->","yoast_head_json":{"title":"Contactos \u2b50 Blog de TemplateMonster","description":"Contactos del blog MonsterPost Si tienes alguna pregunta, sugerencia o notificaci\u00f3n al respecto, por favor, \u00a1h\u00e1znoslo saber! Por favor, escribe tu nombre.","robots":{"index":"index","follow":"follow","max-snippet":"max-snippet:-1","max-image-preview":"max-image-preview:large","max-video-preview":"max-video-preview:-1"},"canonical":"https:\/\/monsterspost.com\/es\/contacts\/","og_locale":"es_ES","og_type":"article","og_title":"Contactos \u2b50 Blog de TemplateMonster","og_description":"Contactos del blog MonsterPost Si tienes alguna pregunta, sugerencia o notificaci\u00f3n al respecto, por favor, \u00a1h\u00e1znoslo saber! Por favor, escribe tu nombre.","og_url":"https:\/\/monsterspost.com\/es\/contacts\/","og_site_name":"Blog de TemplateMonster","article_publisher":"https:\/\/www.facebook.com\/TemplateMonsterEspana","article_modified_time":"2020-03-23T12:35:00+00:00","og_image":[{"width":900,"height":506,"url":"https:\/\/monsterspost.com\/es\/wp-content\/uploads\/sites\/4\/2020\/03\/template-monster.jpg","type":"image\/jpeg"}],"twitter_card":"summary_large_image","twitter_site":"@TMonster_ES","schema":{"@context":"https:\/\/schema.org","@graph":[{"@type":"WebPage","@id":"https:\/\/monsterspost.com\/es\/contacts\/","url":"https:\/\/monsterspost.com\/es\/contacts\/","name":"Contactos \u2b50 Blog de TemplateMonster","isPartOf":{"@id":"https:\/\/monsterspost.com\/es\/#website"},"datePublished":"2015-01-30T09:43:24+00:00","dateModified":"2020-03-23T12:35:00+00:00","description":"Contactos del blog MonsterPost Si tienes alguna pregunta, sugerencia o notificaci\u00f3n al respecto, por favor, \u00a1h\u00e1znoslo saber! Por favor, escribe tu nombre.","breadcrumb":{"@id":"https:\/\/monsterspost.com\/es\/contacts\/#breadcrumb"},"inLanguage":"es","potentialAction":[{"@type":"ReadAction","target":["https:\/\/monsterspost.com\/es\/contacts\/"]}]},{"@type":"BreadcrumbList","@id":"https:\/\/monsterspost.com\/es\/contacts\/#breadcrumb","itemListElement":[{"@type":"ListItem","position":1,"name":"Home","item":"https:\/\/monsterspost.com\/es\/"},{"@type":"ListItem","position":2,"name":"Contactos"}]},{"@type":"WebSite","@id":"https:\/\/monsterspost.com\/es\/#website","url":"https:\/\/monsterspost.com\/es\/","name":"Blog de TemplateMonster","description":"Just another MonsterPost Sites site","publisher":{"@id":"https:\/\/monsterspost.com\/es\/#organization"},"potentialAction":[{"@type":"SearchAction","target":{"@type":"EntryPoint","urlTemplate":"https:\/\/monsterspost.com\/es\/?s={search_term_string}"},"query-input":"required name=search_term_string"}],"inLanguage":"es"},{"@type":"Organization","@id":"https:\/\/monsterspost.com\/es\/#organization","name":"MonstersPost Espa\u00f1a","url":"https:\/\/monsterspost.com\/es\/","logo":{"@type":"ImageObject","inLanguage":"es","@id":"https:\/\/monsterspost.com\/es\/#\/schema\/logo\/image\/","url":"https:\/\/monsterspost.com\/es\/wp-content\/uploads\/sites\/4\/2020\/03\/Logo-TM.png","contentUrl":"https:\/\/monsterspost.com\/es\/wp-content\/uploads\/sites\/4\/2020\/03\/Logo-TM.png","width":180,"height":180,"caption":"MonstersPost Espa\u00f1a"},"image":{"@id":"https:\/\/monsterspost.com\/es\/#\/schema\/logo\/image\/"},"sameAs":["https:\/\/www.instagram.com\/template_monster\/","https:\/\/www.pinterest.com\/templatemonster\/","https:\/\/www.youtube.com\/user\/TemplateMonsterCo\/","https:\/\/www.facebook.com\/TemplateMonsterEspana","https:\/\/twitter.com\/TMonster_ES"]}]}},"_links":{"self":[{"href":"https:\/\/monsterspost.com\/es\/wp-json\/wp\/v2\/pages\/3096"}],"collection":[{"href":"https:\/\/monsterspost.com\/es\/wp-json\/wp\/v2\/pages"}],"about":[{"href":"https:\/\/monsterspost.com\/es\/wp-json\/wp\/v2\/types\/page"}],"author":[{"embeddable":true,"href":"https:\/\/monsterspost.com\/es\/wp-json\/wp\/v2\/users\/1805325"}],"replies":[{"embeddable":true,"href":"https:\/\/monsterspost.com\/es\/wp-json\/wp\/v2\/comments?post=3096"}],"version-history":[{"count":6,"href":"https:\/\/monsterspost.com\/es\/wp-json\/wp\/v2\/pages\/3096\/revisions"}],"predecessor-version":[{"id":20856,"href":"https:\/\/monsterspost.com\/es\/wp-json\/wp\/v2\/pages\/3096\/revisions\/20856"}],"wp:attachment":[{"href":"https:\/\/monsterspost.com\/es\/wp-json\/wp\/v2\/media?parent=3096"}],"curies":[{"name":"wp","href":"https:\/\/api.w.org\/{rel}","templated":true}]}}