{"id":3105,"date":"2015-01-30T12:24:50","date_gmt":"2015-01-30T12:24:50","guid":{"rendered":"https:\/\/www.templatemonster.com\/es\/blog\/?page_id=3105"},"modified":"2020-04-02T08:14:00","modified_gmt":"2020-04-02T08:14:00","slug":"sobre_nosotros","status":"publish","type":"page","link":"https:\/\/monsterspost.com\/es\/sobre_nosotros\/","title":{"rendered":"Sobre Nosotros"},"content":{"rendered":"<p>\u00bfQuieres conocer algo sobre nosotros? Bueno, en pocas palabras, el blog MonsterPost Espa\u00f1a es una fuente de inspiraci\u00f3n, materiales de dise\u00f1o y herramientas \u00fatiles. Nos interesan todos los aspectos de la industria del dise\u00f1o y desarrollo web. Aqu\u00ed compartimos noticias, rese\u00f1as, eventos y mucho m\u00e1s.<\/p>\n<p>El blog forma parte de <a rel=\"noopener noreferrer\" href=\"http:\/\/www.templatemonster.com\/es\/\" target=\"_blank\">TemplateMonster.com\/es\/<\/a> de <strong>Jetimpex, Inc<\/strong>.<\/p>\n<div class=\"sm_hr\"><\/div><!-- .sm_hr (end) -->\n<h3>Cambio de dise\u00f1o<\/h3>\n<p>Nunca dejamos de mejorar y siempre tratamos de estar al tanto de las \u00faltimas tendencias de dise\u00f1o web.<\/p>\n<p>Por lo tanto, hace poco hemos cambiado por completo el dise\u00f1o de nuestro blog. Esperamos que el nuevo dise\u00f1o te encante.<\/p>\n<p>\u00a1Bienvenid@ a MonsterPost Espa\u00f1a renovado!<\/p>\n<div class=\"sm_hr\"><\/div><!-- .sm_hr (end) -->\n<div class=\"row-fluid \">\n<div class=\"span6 \"><h3>Contenido del blog<\/h3>\n<p>En MonsterPost Espa\u00f1a, compartimos art\u00edculos, tutoriales, materiales gratuitos, herramientas, infograf\u00edas y cualquier otra cosa relacionada con el dise\u00f1o y desarrollo web. Nos esforzamos para publicar materiales \u00fatiles e interesantes.<\/p><\/div>\n<div class=\"span6 \"><h3>Autores invitados<\/h3>\n<p style=\"text-align: center\"><img decoding=\"async\" loading=\"lazy\" class=\"alignnone size-full wp-image-21342\" src=\"https:\/\/monsterspost.com\/es\/wp-content\/uploads\/sites\/4\/2020\/04\/MonsterPost-Espa\u00f1a.png\" alt=\"MonsterPost Espa\u00f1a\" width=\"900\" height=\"506\" srcset=\"https:\/\/monsterspost.com\/es\/wp-content\/uploads\/sites\/4\/2020\/04\/MonsterPost-Espa\u00f1a.png 900w, https:\/\/monsterspost.com\/es\/wp-content\/uploads\/sites\/4\/2020\/04\/MonsterPost-Espa\u00f1a-300x169.png 300w, https:\/\/monsterspost.com\/es\/wp-content\/uploads\/sites\/4\/2020\/04\/MonsterPost-Espa\u00f1a-768x432.png 768w\" sizes=\"(max-width: 900px) 100vw, 900px\" \/><\/p>\n<p>Estar\u00edamos encantados de publicar art\u00edculos de autores y desarrolladores de talento. Si quieres unirte al equipo de autores de nuestro blog, por favor, lee nuestras <a href=\"https:\/\/monsterspost.com\/es\/colaboracion\/\">instrucciones para autores invitados<\/a>.<\/p><\/div>\n<\/div> <!-- .row-fluid (end) -->\n","protected":false},"excerpt":{"rendered":"<p>\u00bfQuieres conocer algo sobre nosotros? Bueno, en pocas palabras, el blog MonsterPost Espa\u00f1a es una fuente de inspiraci\u00f3n, materiales de dise\u00f1o y herramientas \u00fatiles. Nos interesan todos los aspectos de la industria del dise\u00f1o y desarrollo web. Aqu\u00ed compartimos noticias, rese\u00f1as, eventos y mucho m\u00e1s. El blog forma parte de TemplateMonster.com\/es\/ de Jetimpex, Inc. Cambio [&hellip;]<\/p>\n","protected":false},"author":1805325,"featured_media":0,"parent":0,"menu_order":0,"comment_status":"open","ping_status":"open","template":"","meta":[],"yoast_head":"<!-- This site is optimized with the Yoast SEO plugin v19.11 - https:\/\/yoast.com\/wordpress\/plugins\/seo\/ -->\n<title>Sobre Nosotros - MonsterPost Espa\u00f1a<\/title>\n<meta name=\"description\" content=\"Un poco sobre nosotros: el blog MonsterPost Espa\u00f1a es una fuente de inspiraci\u00f3n, materiales de dise\u00f1o y herramientas \u00fatiles.\" \/>\n<meta name=\"robots\" content=\"index, follow, max-snippet:-1, max-image-preview:large, max-video-preview:-1\" \/>\n<link rel=\"canonical\" href=\"https:\/\/monsterspost.com\/es\/sobre_nosotros\/\" \/>\n<meta property=\"og:locale\" content=\"es_ES\" \/>\n<meta property=\"og:type\" content=\"article\" \/>\n<meta property=\"og:title\" content=\"Sobre Nosotros - MonsterPost Espa\u00f1a\" \/>\n<meta property=\"og:description\" content=\"Un poco sobre nosotros: el blog MonsterPost Espa\u00f1a es una fuente de inspiraci\u00f3n, materiales de dise\u00f1o y herramientas \u00fatiles.\" \/>\n<meta property=\"og:url\" content=\"https:\/\/monsterspost.com\/es\/sobre_nosotros\/\" \/>\n<meta property=\"og:site_name\" content=\"Blog de TemplateMonster\" \/>\n<meta property=\"article:publisher\" content=\"https:\/\/www.facebook.com\/TemplateMonsterEspana\" \/>\n<meta property=\"article:modified_time\" content=\"2020-04-02T08:14:00+00:00\" \/>\n<meta property=\"og:image\" content=\"https:\/\/monsterspost.com\/es\/wp-content\/uploads\/sites\/4\/2020\/03\/template-monster.jpg\" \/>\n\t<meta property=\"og:image:width\" content=\"900\" \/>\n\t<meta property=\"og:image:height\" content=\"506\" \/>\n\t<meta property=\"og:image:type\" content=\"image\/jpeg\" \/>\n<meta name=\"twitter:card\" content=\"summary_large_image\" \/>\n<meta name=\"twitter:site\" content=\"@TMonster_ES\" \/>\n<meta name=\"twitter:label1\" content=\"Tiempo de lectura\" \/>\n\t<meta name=\"twitter:data1\" content=\"1 minuto\" \/>\n<script type=\"application\/ld+json\" class=\"yoast-schema-graph\">{\"@context\":\"https:\/\/schema.org\",\"@graph\":[{\"@type\":\"WebPage\",\"@id\":\"https:\/\/monsterspost.com\/es\/sobre_nosotros\/\",\"url\":\"https:\/\/monsterspost.com\/es\/sobre_nosotros\/\",\"name\":\"Sobre Nosotros - MonsterPost Espa\u00f1a\",\"isPartOf\":{\"@id\":\"https:\/\/monsterspost.com\/es\/#website\"},\"datePublished\":\"2015-01-30T12:24:50+00:00\",\"dateModified\":\"2020-04-02T08:14:00+00:00\",\"description\":\"Un poco sobre nosotros: el blog MonsterPost Espa\u00f1a es una fuente de inspiraci\u00f3n, materiales de dise\u00f1o y herramientas \u00fatiles.\",\"breadcrumb\":{\"@id\":\"https:\/\/monsterspost.com\/es\/sobre_nosotros\/#breadcrumb\"},\"inLanguage\":\"es\",\"potentialAction\":[{\"@type\":\"ReadAction\",\"target\":[\"https:\/\/monsterspost.com\/es\/sobre_nosotros\/\"]}]},{\"@type\":\"BreadcrumbList\",\"@id\":\"https:\/\/monsterspost.com\/es\/sobre_nosotros\/#breadcrumb\",\"itemListElement\":[{\"@type\":\"ListItem\",\"position\":1,\"name\":\"Home\",\"item\":\"https:\/\/monsterspost.com\/es\/\"},{\"@type\":\"ListItem\",\"position\":2,\"name\":\"Sobre Nosotros\"}]},{\"@type\":\"WebSite\",\"@id\":\"https:\/\/monsterspost.com\/es\/#website\",\"url\":\"https:\/\/monsterspost.com\/es\/\",\"name\":\"Blog de TemplateMonster\",\"description\":\"Just another MonsterPost Sites site\",\"publisher\":{\"@id\":\"https:\/\/monsterspost.com\/es\/#organization\"},\"potentialAction\":[{\"@type\":\"SearchAction\",\"target\":{\"@type\":\"EntryPoint\",\"urlTemplate\":\"https:\/\/monsterspost.com\/es\/?s={search_term_string}\"},\"query-input\":\"required name=search_term_string\"}],\"inLanguage\":\"es\"},{\"@type\":\"Organization\",\"@id\":\"https:\/\/monsterspost.com\/es\/#organization\",\"name\":\"MonstersPost Espa\u00f1a\",\"url\":\"https:\/\/monsterspost.com\/es\/\",\"logo\":{\"@type\":\"ImageObject\",\"inLanguage\":\"es\",\"@id\":\"https:\/\/monsterspost.com\/es\/#\/schema\/logo\/image\/\",\"url\":\"https:\/\/monsterspost.com\/es\/wp-content\/uploads\/sites\/4\/2020\/03\/Logo-TM.png\",\"contentUrl\":\"https:\/\/monsterspost.com\/es\/wp-content\/uploads\/sites\/4\/2020\/03\/Logo-TM.png\",\"width\":180,\"height\":180,\"caption\":\"MonstersPost Espa\u00f1a\"},\"image\":{\"@id\":\"https:\/\/monsterspost.com\/es\/#\/schema\/logo\/image\/\"},\"sameAs\":[\"https:\/\/www.instagram.com\/template_monster\/\",\"https:\/\/www.pinterest.com\/templatemonster\/\",\"https:\/\/www.youtube.com\/user\/TemplateMonsterCo\/\",\"https:\/\/www.facebook.com\/TemplateMonsterEspana\",\"https:\/\/twitter.com\/TMonster_ES\"]}]}<\/script>\n<!-- \/ Yoast SEO plugin. -->","yoast_head_json":{"title":"Sobre Nosotros - MonsterPost Espa\u00f1a","description":"Un poco sobre nosotros: el blog MonsterPost Espa\u00f1a es una fuente de inspiraci\u00f3n, materiales de dise\u00f1o y herramientas \u00fatiles.","robots":{"index":"index","follow":"follow","max-snippet":"max-snippet:-1","max-image-preview":"max-image-preview:large","max-video-preview":"max-video-preview:-1"},"canonical":"https:\/\/monsterspost.com\/es\/sobre_nosotros\/","og_locale":"es_ES","og_type":"article","og_title":"Sobre Nosotros - MonsterPost Espa\u00f1a","og_description":"Un poco sobre nosotros: el blog MonsterPost Espa\u00f1a es una fuente de inspiraci\u00f3n, materiales de dise\u00f1o y herramientas \u00fatiles.","og_url":"https:\/\/monsterspost.com\/es\/sobre_nosotros\/","og_site_name":"Blog de TemplateMonster","article_publisher":"https:\/\/www.facebook.com\/TemplateMonsterEspana","article_modified_time":"2020-04-02T08:14:00+00:00","og_image":[{"width":900,"height":506,"url":"https:\/\/monsterspost.com\/es\/wp-content\/uploads\/sites\/4\/2020\/03\/template-monster.jpg","type":"image\/jpeg"}],"twitter_card":"summary_large_image","twitter_site":"@TMonster_ES","twitter_misc":{"Tiempo de lectura":"1 minuto"},"schema":{"@context":"https:\/\/schema.org","@graph":[{"@type":"WebPage","@id":"https:\/\/monsterspost.com\/es\/sobre_nosotros\/","url":"https:\/\/monsterspost.com\/es\/sobre_nosotros\/","name":"Sobre Nosotros - MonsterPost Espa\u00f1a","isPartOf":{"@id":"https:\/\/monsterspost.com\/es\/#website"},"datePublished":"2015-01-30T12:24:50+00:00","dateModified":"2020-04-02T08:14:00+00:00","description":"Un poco sobre nosotros: el blog MonsterPost Espa\u00f1a es una fuente de inspiraci\u00f3n, materiales de dise\u00f1o y herramientas \u00fatiles.","breadcrumb":{"@id":"https:\/\/monsterspost.com\/es\/sobre_nosotros\/#breadcrumb"},"inLanguage":"es","potentialAction":[{"@type":"ReadAction","target":["https:\/\/monsterspost.com\/es\/sobre_nosotros\/"]}]},{"@type":"BreadcrumbList","@id":"https:\/\/monsterspost.com\/es\/sobre_nosotros\/#breadcrumb","itemListElement":[{"@type":"ListItem","position":1,"name":"Home","item":"https:\/\/monsterspost.com\/es\/"},{"@type":"ListItem","position":2,"name":"Sobre Nosotros"}]},{"@type":"WebSite","@id":"https:\/\/monsterspost.com\/es\/#website","url":"https:\/\/monsterspost.com\/es\/","name":"Blog de TemplateMonster","description":"Just another MonsterPost Sites site","publisher":{"@id":"https:\/\/monsterspost.com\/es\/#organization"},"potentialAction":[{"@type":"SearchAction","target":{"@type":"EntryPoint","urlTemplate":"https:\/\/monsterspost.com\/es\/?s={search_term_string}"},"query-input":"required name=search_term_string"}],"inLanguage":"es"},{"@type":"Organization","@id":"https:\/\/monsterspost.com\/es\/#organization","name":"MonstersPost Espa\u00f1a","url":"https:\/\/monsterspost.com\/es\/","logo":{"@type":"ImageObject","inLanguage":"es","@id":"https:\/\/monsterspost.com\/es\/#\/schema\/logo\/image\/","url":"https:\/\/monsterspost.com\/es\/wp-content\/uploads\/sites\/4\/2020\/03\/Logo-TM.png","contentUrl":"https:\/\/monsterspost.com\/es\/wp-content\/uploads\/sites\/4\/2020\/03\/Logo-TM.png","width":180,"height":180,"caption":"MonstersPost Espa\u00f1a"},"image":{"@id":"https:\/\/monsterspost.com\/es\/#\/schema\/logo\/image\/"},"sameAs":["https:\/\/www.instagram.com\/template_monster\/","https:\/\/www.pinterest.com\/templatemonster\/","https:\/\/www.youtube.com\/user\/TemplateMonsterCo\/","https:\/\/www.facebook.com\/TemplateMonsterEspana","https:\/\/twitter.com\/TMonster_ES"]}]}},"_links":{"self":[{"href":"https:\/\/monsterspost.com\/es\/wp-json\/wp\/v2\/pages\/3105"}],"collection":[{"href":"https:\/\/monsterspost.com\/es\/wp-json\/wp\/v2\/pages"}],"about":[{"href":"https:\/\/monsterspost.com\/es\/wp-json\/wp\/v2\/types\/page"}],"author":[{"embeddable":true,"href":"https:\/\/monsterspost.com\/es\/wp-json\/wp\/v2\/users\/1805325"}],"replies":[{"embeddable":true,"href":"https:\/\/monsterspost.com\/es\/wp-json\/wp\/v2\/comments?post=3105"}],"version-history":[{"count":10,"href":"https:\/\/monsterspost.com\/es\/wp-json\/wp\/v2\/pages\/3105\/revisions"}],"predecessor-version":[{"id":21356,"href":"https:\/\/monsterspost.com\/es\/wp-json\/wp\/v2\/pages\/3105\/revisions\/21356"}],"wp:attachment":[{"href":"https:\/\/monsterspost.com\/es\/wp-json\/wp\/v2\/media?parent=3105"}],"curies":[{"name":"wp","href":"https:\/\/api.w.org\/{rel}","templated":true}]}}