{"id":111,"date":"2018-03-08T14:05:10","date_gmt":"2018-03-08T13:05:10","guid":{"rendered":"https:\/\/www.templatemonster.com\/fr\/blog\/?page_id=111"},"modified":"2020-03-23T14:54:40","modified_gmt":"2020-03-23T14:54:40","slug":"contacts","status":"publish","type":"page","link":"https:\/\/monsterspost.com\/fr\/contacts\/","title":{"rendered":"Contacts"},"content":{"rendered":"<div class=\"page_contacts\">\n<div class=\"form\">\n<div class=\"center\">\n<div class=\"form__wrap\">\n<div class=\"form__header\">\n<h1>\n                            Contacts du blog MonsterPost<br \/>\n                        <\/h1>\n<p>\n                            Si vous avez des questions, des suggestions ou des notifications concernant le site, faites-le nous savoir!\n                        <\/p>\n<\/p><\/div>\n<form class=\"contacts_form\">\n<div class=\"row row_2\">\n<div class=\"label__wrap\">\n                                <svg class=\"svg_name\" width=\"25\" height=\"25\" viewBox=\"0 0 25 25\" fill=\"none\" xmlns=\"http:\/\/www.w3.org\/2000\/svg\">\n                                    <path fill-rule=\"evenodd\" clip-rule=\"evenodd\" d=\"M10.5 15.5C10.5 15.5 9 15 9 12.5C8.174 12.5 8.174 10.5 9 10.5C9 10.165 7.5 6.5 10 7C10.5 5 16 5 16.5 7C16.847 8.388 16 10.254 16 10.5C16.826 10.5 16.826 12.5 16 12.5C16 15 14.5 15.5 14.5 15.5V18C16.977 18.929 19.43 19.697 20.686 20.575C22.734 18.499 24 15.647 24 12.5C24 6.148 18.852 1 12.5 1C6.148 1 1 6.148 1 12.5C1 15.653 2.27 18.509 4.325 20.587C5.655 19.667 8.277 18.841 10.5 18V15.5V15.5Z\" stroke=\"#B3BEC4\" stroke-linejoin=\"round\"\/>\n                                    <path d=\"M4.32617 20.5872C6.41117 22.6942 9.30317 24.0002 12.5012 24.0002C15.7042 24.0002 18.6002 22.6902 20.6862 20.5752\" stroke=\"#B3BEC4\" stroke-linejoin=\"round\"\/>\n                                <\/svg><br \/>\n                                <input type=\"text\" placeholder=\"Entrez votre nom\" class=\"name\"><\/p>\n<div class=\"error_text\">\n                                    Veuillez entrer votre nom.\n                                <\/div>\n<\/p><\/div>\n<div class=\"label__wrap\">\n                                <svg class=\"svg_email\" width=\"21\" height=\"15\" viewBox=\"0 0 21 15\" fill=\"none\" xmlns=\"http:\/\/www.w3.org\/2000\/svg\">\n                                    <path fill-rule=\"evenodd\" clip-rule=\"evenodd\" d=\"M20 12.3095C20 13.0587 19.392 13.6667 18.6429 13.6667H2.35714C1.608 13.6667 1 13.0587 1 12.3095V2.35714C1 1.6071 1.608 1 2.35714 1H18.6429C19.392 1 20 1.6071 20 2.35714V12.3095V12.3095Z\" stroke=\"#B3BEC4\" stroke-linecap=\"round\" stroke-linejoin=\"round\"\/>\n                                    <path d=\"M19.5484 1.45312L10.5007 8.69122L1.45312 1.45312\" stroke=\"#B3BEC4\" stroke-linecap=\"round\" stroke-linejoin=\"round\"\/>\n                                <\/svg><br \/>\n                                <input type=\"text\" placeholder=\"Entrez votre e-mail\" class=\"email\"><\/p>\n<div class=\"error_text\">\n                                    Veuillez saisir un e-mail valide.\n                                <\/div>\n<\/p><\/div>\n<\/p><\/div>\n<div class=\"row\">\n<div class=\"label__wrap\">\n                                <svg class=\"svg_message\" width=\"25\" height=\"23\" viewBox=\"0 0 25 23\" fill=\"none\" xmlns=\"http:\/\/www.w3.org\/2000\/svg\">\n                                    <path fill-rule=\"evenodd\" clip-rule=\"evenodd\" d=\"M24 10.383C24 15.564 18.852 19.766 12.5 19.766C11.082 19.766 9.725 19.556 8.471 19.173L1.862 22.249L4.45 17.083C2.321 15.38 1 13.007 1 10.383C1 5.201 6.148 1 12.5 1C18.852 1 24 5.201 24 10.383V10.383Z\" stroke=\"#B3BEC4\" stroke-linejoin=\"round\"\/>\n                                <\/svg><br \/>\n                                <textarea rows=\"10\" placeholder=\"Entrez votre message\" class=\"message\"><\/textarea><\/p>\n<div class=\"error_text\">\n                                    Veuillez saisir votre message.\n                                <\/div>\n<\/p><\/div>\n<\/p><\/div>\n<div class=\"btn_submit\">\n                            <button type=\"submit\">Envoyer le message<\/button>\n                        <\/div>\n<div class=\"server_error\">\n                            Erreur du serveur. Veuillez r\u00e9essayer plus tard.\n                        <\/div>\n<\/p><\/form>\n<div class=\"soc\">\n<h2>Contactez-nous via les r\u00e9seaux sociaux<\/h2>\n<div class=\"global_soc__list\">\n                            <a href=\"https:\/\/www.facebook.com\/TemplateMonster\/\" class=\"fb broken_link\" target=\"_blank\" rel=\"noopener noreferrer nofollow\"><br \/>\n                                <svg width=\"9\" height=\"18\" viewBox=\"0 0 9 18\" fill=\"none\" xmlns=\"http:\/\/www.w3.org\/2000\/svg\">\n                                    <path d=\"M5.625 6.1875V3.9375C5.625 3.3165 6.129 2.8125 6.75 2.8125H7.875V0H5.625C3.76087 0 2.25 1.51088 2.25 3.375V6.1875H0V9H2.25V18H5.625V9H7.875L9 6.1875H5.625Z\" fill=\"white\"\/>\n                                <\/svg><br \/>\n                            <\/a><br \/>\n                            <a href=\"https:\/\/twitter.com\/templatemonster\" class=\"tw\" target=\"_blank\" rel=\"noopener noreferrer nofollow\"><br \/>\n                                <svg width=\"20\" height=\"18\" viewBox=\"0 0 20 18\" fill=\"none\" xmlns=\"http:\/\/www.w3.org\/2000\/svg\">\n                                    <path d=\"M20 2.72123C19.2563 3.05156 18.4637 3.27052 17.6375 3.37683C18.4875 2.86298 19.1363 2.05552 19.4412 1.08225C18.6488 1.56066 17.7738 1.89858 16.8412 2.08716C16.0887 1.27589 15.0162 0.773438 13.8462 0.773438C11.5763 0.773438 9.74875 2.63897 9.74875 4.92595C9.74875 5.25502 9.77625 5.57142 9.84375 5.87264C6.435 5.70431 3.41875 4.05014 1.3925 1.53028C1.03875 2.1517 0.83125 2.86298 0.83125 3.62869C0.83125 5.06644 1.5625 6.34092 2.6525 7.07878C1.99375 7.06612 1.3475 6.87248 0.8 6.56747C0.8 6.58012 0.8 6.59658 0.8 6.61303C0.8 8.63044 2.22125 10.3061 4.085 10.6921C3.75125 10.7845 3.3875 10.8288 3.01 10.8288C2.7475 10.8288 2.4825 10.8136 2.23375 10.758C2.765 12.402 4.2725 13.6107 6.065 13.6499C4.67 14.7548 2.89875 15.4205 0.98125 15.4205C0.645 15.4205 0.3225 15.4053 0 15.3636C1.81625 16.5495 3.96875 17.2266 6.29 17.2266C13.835 17.2266 17.96 10.8984 17.96 5.41322C17.96 5.2297 17.9538 5.05252 17.945 4.87659C18.7588 4.29188 19.4425 3.56161 20 2.72123Z\" fill=\"white\"\/>\n                                <\/svg><br \/>\n                            <\/a><br \/>\n                            <a href=\"https:\/\/www.pinterest.com\/templatemonster\/\" class=\"pin\" target=\"_blank\" rel=\"noopener noreferrer nofollow\"><br \/>\n                                <svg width=\"16\" height=\"18\" viewBox=\"0 0 16 18\" fill=\"none\" xmlns=\"http:\/\/www.w3.org\/2000\/svg\">\n                                    <path d=\"M8.24446 0C3.31112 0 0.6875 3.16139 0.6875 6.60855C0.6875 8.20724 1.58079 10.2008 3.01073 10.8331C3.22786 10.931 3.34599 10.8894 3.39437 10.688C3.43712 10.535 3.62501 9.79807 3.71614 9.45043C3.74426 9.33905 3.72964 9.24229 3.63963 9.13766C3.16486 8.58864 2.78797 7.58847 2.78797 6.65017C2.78797 4.24594 4.69943 1.91146 7.95195 1.91146C10.7646 1.91146 12.7323 3.73854 12.7323 6.35204C12.7323 9.30529 11.1696 11.3484 9.13888 11.3484C8.01495 11.3484 7.17792 10.4663 7.44343 9.37505C7.76407 8.07561 8.39297 6.6783 8.39297 5.74113C8.39297 4.90072 7.9182 4.20544 6.94841 4.20544C5.80423 4.20544 4.87606 5.33837 4.87606 6.85943C4.87606 7.82585 5.21808 8.47838 5.21808 8.47838C5.21808 8.47838 4.08628 13.0506 3.87589 13.9045C3.52038 15.3502 3.92427 17.6914 3.95915 17.8928C3.98052 18.0042 4.1054 18.0391 4.17516 17.9479C4.28654 17.8017 5.6546 15.8497 6.03824 14.4389C6.17775 13.9248 6.7504 11.84 6.7504 11.84C7.12729 12.5207 8.21521 13.0911 9.37401 13.0911C12.8212 13.0911 15.312 10.0613 15.312 6.30141C15.2997 2.69675 12.2148 0 8.24446 0Z\" fill=\"white\"\/>\n                                <\/svg><br \/>\n                            <\/a><br \/>\n<a href=\"https:\/\/www.instagram.com\/template_monster\/\" class=\"inst\" target=\"_blank\" rel=\"noopener noreferrer nofollow\"><br \/>\n<svg width=\"20\" height=\"20\" viewBox=\"0 0 20 20\" fill=\"none\" xmlns=\"http:\/\/www.w3.org\/2000\/svg\">\n<g clip-path=\"url(#clipvv0)\">\n<path d=\"M19.9804 5.88005C19.9336 4.81738 19.7617 4.0868 19.5156 3.45374C19.2616 2.78176 18.8709 2.18014 18.359 1.68002C17.8589 1.1721 17.2533 0.777435 16.5891 0.527447C15.9524 0.281274 15.2256 0.109427 14.163 0.0625732C13.0923 0.0117516 12.7525 0 10.0371 0C7.32172 0 6.98184 0.0117516 5.9152 0.0586052C4.85253 0.105459 4.12195 0.277459 3.48904 0.523479C2.81691 0.777435 2.2153 1.16814 1.71517 1.68002C1.20726 2.18014 0.812742 2.78573 0.562602 3.44992C0.31643 4.0868 0.144583 4.81341 0.0977294 5.87609C0.0469078 6.9467 0.0351562 7.28658 0.0351562 10.002C0.0351562 12.7173 0.0469078 13.0572 0.0937613 14.1239C0.140615 15.1865 0.312615 15.9171 0.558787 16.5502C0.812742 17.2221 1.20726 17.8238 1.71517 18.3239C2.2153 18.8318 2.82088 19.2265 3.48507 19.4765C4.12195 19.7226 4.84856 19.8945 5.91139 19.9413C6.97788 19.9883 7.31791 19.9999 10.0333 19.9999C12.7486 19.9999 13.0885 19.9883 14.1552 19.9413C15.2178 19.8945 15.9484 19.7226 16.5813 19.4765C17.9254 18.9568 18.9881 17.8941 19.5078 16.5502C19.7538 15.9133 19.9258 15.1865 19.9726 14.1239C20.0195 13.0572 20.0312 12.7173 20.0312 10.002C20.0312 7.28658 20.0273 6.9467 19.9804 5.88005ZM18.1794 14.0457C18.1363 15.0225 17.9723 15.5499 17.8355 15.9015C17.4995 16.7728 16.808 17.4643 15.9367 17.8004C15.585 17.9372 15.0538 18.1012 14.0808 18.1441C13.026 18.1911 12.7096 18.2027 10.0411 18.2027C7.37255 18.2027 7.0522 18.1911 6.00112 18.1441C5.02437 18.1012 4.49693 17.9372 4.1453 17.8004C3.71171 17.6402 3.31704 17.3862 2.9967 17.0541C2.6646 16.7298 2.41065 16.3391 2.2504 15.9055C2.11365 15.5539 1.94959 15.0225 1.9067 14.0497C1.8597 12.9948 1.8481 12.6783 1.8481 10.0097C1.8481 7.34122 1.8597 7.02087 1.9067 5.96995C1.94959 4.99319 2.11365 4.46575 2.2504 4.11412C2.41065 3.68038 2.6646 3.28586 3.00067 2.96536C3.32483 2.63327 3.71553 2.37931 4.14926 2.21921C4.5009 2.08247 5.03231 1.9184 6.00509 1.87537C7.05998 1.82851 7.37651 1.81676 10.0449 1.81676C12.7174 1.81676 13.0337 1.82851 14.0848 1.87537C15.0616 1.9184 15.589 2.08247 15.9406 2.21921C16.3742 2.37931 16.7689 2.63327 17.0892 2.96536C17.4213 3.28967 17.6753 3.68038 17.8355 4.11412C17.9723 4.46575 18.1363 4.99701 18.1794 5.96995C18.2262 7.02484 18.238 7.34122 18.238 10.0097C18.238 12.6783 18.2262 12.9908 18.1794 14.0457Z\" fill=\"white\"\/>\n<path d=\"M10.0362 4.86426C7.19976 4.86426 4.89844 7.16543 4.89844 10.002C4.89844 12.8385 7.19976 15.1397 10.0362 15.1397C12.8727 15.1397 15.1739 12.8385 15.1739 10.002C15.1739 7.16543 12.8727 4.86426 10.0362 4.86426ZM10.0362 13.3347C8.19605 13.3347 6.70345 11.8422 6.70345 10.002C6.70345 8.16172 8.19605 6.66927 10.0362 6.66927C11.8764 6.66927 13.3689 8.16172 13.3689 10.002C13.3689 11.8422 11.8764 13.3347 10.0362 13.3347Z\" fill=\"white\"\/>\n<path d=\"M16.5767 4.66134C16.5767 5.3237 16.0397 5.86077 15.3772 5.86077C14.7148 5.86077 14.1777 5.3237 14.1777 4.66134C14.1777 3.99883 14.7148 3.46191 15.3772 3.46191C16.0397 3.46191 16.5767 3.99883 16.5767 4.66134Z\" fill=\"white\"\/>\n<\/g>\n<defs>\n<clipPath id=\"clipvv0\">\n<rect width=\"20\" height=\"20\" fill=\"white\"\/>\n<\/clipPath>\n<\/defs>\n<\/svg><br \/>\n<\/a><br \/>\n<a href=\"https:\/\/www.youtube.com\/user\/TemplateMonsterCo\/\" class=\"yt\" target=\"_blank\" rel=\"noopener noreferrer nofollow\"><br \/>\n<svg width=\"31\" height=\"23\" viewBox=\"0 0 31 23\" fill=\"none\" xmlns=\"http:\/\/www.w3.org\/2000\/svg\">\n<path d=\"M30.3156 3.76739C29.9591 2.442 28.9142 1.39722 27.589 1.04034C25.168 0.37793 15.484 0.37793 15.484 0.37793C15.484 0.37793 5.80035 0.37793 3.3794 1.01522C2.0797 1.37173 1.00924 2.44219 0.652729 3.76739C0.015625 6.18816 0.015625 11.2085 0.015625 11.2085C0.015625 11.2085 0.015625 16.2542 0.652729 18.6496C1.00961 19.9748 2.05421 21.0196 3.37959 21.3765C5.82585 22.0391 15.4844 22.0391 15.4844 22.0391C15.4844 22.0391 25.168 22.0391 27.589 21.4018C28.9143 21.0451 29.9591 20.0003 30.316 18.6751C30.9529 16.2542 30.9529 11.234 30.9529 11.234C30.9529 11.234 30.9784 6.18816 30.3156 3.76739ZM12.4008 15.8465V6.57053L20.4536 11.2085L12.4008 15.8465Z\" fill=\"white\"\/>\n<\/svg><\/p>\n<p><\/a>\n                        <\/div>\n<\/p><\/div>\n<\/p><\/div>\n<\/p><\/div>\n<\/p><\/div>\n<div class=\"other\">\n<div class=\"center\">\n<h2>Autres contacts<\/h2>\n<div class=\"item__list\">\n<div class=\"item\">\n<h3>\u00c9quipe \u00e9ditoriale du blog:<\/h3>\n<p>\n                            Email: <a href=\"mailto:avbulat@templatemonster.me\" target=\"_blank\" rel=\"noopener noreferrer nofollow\">avbulat@templatemonster.me<\/a>\n                        <\/p>\n<\/p><\/div>\n<div class=\"item\">\n<h3>D\u00e9partement commercial:<\/h3>\n<p>\n                            Email: <a href=\"mailto:marketing@templatemonster.com\" target=\"_blank\" rel=\"noopener noreferrer\">marketing@templatemonster.com<\/a> <br \/>\n                            Phone: +1-347-342-0463\n                        <\/p>\n<\/p><\/div>\n<div class=\"item\">\n<h3>Service d'assistance \u00e0 la client\u00e8le:<\/h3>\n<p>\n                            Email: <a href=\"mailto:support.template-help.com\" target=\"_blank\" rel=\"noopener noreferrer nofollow\">support.template-help.com<\/a>\n                        <\/p>\n<\/p><\/div>\n<\/p><\/div>\n<p>                <img decoding=\"async\" class=\"other__bg\" src=\"\/blog\/wp-content\/themes\/redesign\/images\/page_contacts_other.png\" alt=\"MonsterPost contact details\">\n            <\/div>\n<\/p><\/div>\n<\/p><\/div>\n","protected":false},"excerpt":{"rendered":"<p>Contacts du blog MonsterPost Si vous avez des questions, des suggestions ou des notifications concernant le site, faites-le nous savoir! Veuillez entrer votre nom. Veuillez saisir un e-mail valide. Veuillez saisir votre message. Envoyer le message Erreur du serveur. Veuillez r\u00e9essayer plus tard. Contactez-nous via les r\u00e9seaux sociaux Autres contacts \u00c9quipe \u00e9ditoriale du blog: Email: [&hellip;]<\/p>\n","protected":false},"author":398561,"featured_media":0,"parent":0,"menu_order":0,"comment_status":"closed","ping_status":"closed","template":"page-contacts.php","meta":[],"yoast_head":"<!-- This site is optimized with the Yoast SEO plugin v19.11 - https:\/\/yoast.com\/wordpress\/plugins\/seo\/ -->\n<title>Contactez-nous<\/title>\n<meta name=\"description\" content=\"Contacts du blog MonsterPost Si vous avez des questions, des suggestions ou des notifications concernant le site, faites-le nous savoir! Veuillez entrer\" \/>\n<meta name=\"robots\" content=\"index, follow, max-snippet:-1, max-image-preview:large, max-video-preview:-1\" \/>\n<link rel=\"canonical\" href=\"https:\/\/monsterspost.com\/fr\/contacts\/\" \/>\n<meta property=\"og:locale\" content=\"fr_FR\" \/>\n<meta property=\"og:type\" content=\"article\" \/>\n<meta property=\"og:title\" content=\"Contactez-nous\" \/>\n<meta property=\"og:description\" content=\"Contacts du blog MonsterPost Si vous avez des questions, des suggestions ou des notifications concernant le site, faites-le nous savoir! Veuillez entrer\" \/>\n<meta property=\"og:url\" content=\"https:\/\/monsterspost.com\/fr\/contacts\/\" \/>\n<meta property=\"og:site_name\" content=\"TemplateMonster Blog France\" \/>\n<meta property=\"article:publisher\" content=\"https:\/\/www.facebook.com\/TemplateMonsterFrance\/\" \/>\n<meta property=\"article:modified_time\" content=\"2020-03-23T14:54:40+00:00\" \/>\n<meta property=\"og:image\" content=\"https:\/\/monsterspost.com\/fr\/wp-content\/uploads\/sites\/9\/2020\/03\/TemplateMonster.jpg\" \/>\n\t<meta property=\"og:image:width\" content=\"900\" \/>\n\t<meta property=\"og:image:height\" content=\"506\" \/>\n\t<meta property=\"og:image:type\" content=\"image\/jpeg\" \/>\n<meta name=\"twitter:card\" content=\"summary_large_image\" \/>\n<meta name=\"twitter:site\" content=\"@TM_France\" \/>\n<script type=\"application\/ld+json\" class=\"yoast-schema-graph\">{\"@context\":\"https:\/\/schema.org\",\"@graph\":[{\"@type\":\"WebPage\",\"@id\":\"https:\/\/monsterspost.com\/fr\/contacts\/\",\"url\":\"https:\/\/monsterspost.com\/fr\/contacts\/\",\"name\":\"Contactez-nous\",\"isPartOf\":{\"@id\":\"https:\/\/monsterspost.com\/fr\/#website\"},\"datePublished\":\"2018-03-08T13:05:10+00:00\",\"dateModified\":\"2020-03-23T14:54:40+00:00\",\"description\":\"Contacts du blog MonsterPost Si vous avez des questions, des suggestions ou des notifications concernant le site, faites-le nous savoir! Veuillez entrer\",\"breadcrumb\":{\"@id\":\"https:\/\/monsterspost.com\/fr\/contacts\/#breadcrumb\"},\"inLanguage\":\"fr-FR\",\"potentialAction\":[{\"@type\":\"ReadAction\",\"target\":[\"https:\/\/monsterspost.com\/fr\/contacts\/\"]}]},{\"@type\":\"BreadcrumbList\",\"@id\":\"https:\/\/monsterspost.com\/fr\/contacts\/#breadcrumb\",\"itemListElement\":[{\"@type\":\"ListItem\",\"position\":1,\"name\":\"Home\",\"item\":\"https:\/\/monsterspost.com\/fr\/\"},{\"@type\":\"ListItem\",\"position\":2,\"name\":\"Contacts\"}]},{\"@type\":\"WebSite\",\"@id\":\"https:\/\/monsterspost.com\/fr\/#website\",\"url\":\"https:\/\/monsterspost.com\/fr\/\",\"name\":\"TemplateMonster Blog France\",\"description\":\"Just another MonsterPost Sites site\",\"publisher\":{\"@id\":\"https:\/\/monsterspost.com\/fr\/#organization\"},\"potentialAction\":[{\"@type\":\"SearchAction\",\"target\":{\"@type\":\"EntryPoint\",\"urlTemplate\":\"https:\/\/monsterspost.com\/fr\/?s={search_term_string}\"},\"query-input\":\"required name=search_term_string\"}],\"inLanguage\":\"fr-FR\"},{\"@type\":\"Organization\",\"@id\":\"https:\/\/monsterspost.com\/fr\/#organization\",\"name\":\"MonsterPost France\",\"url\":\"https:\/\/monsterspost.com\/fr\/\",\"logo\":{\"@type\":\"ImageObject\",\"inLanguage\":\"fr-FR\",\"@id\":\"https:\/\/monsterspost.com\/fr\/#\/schema\/logo\/image\/\",\"url\":\"https:\/\/monsterspost.com\/fr\/wp-content\/uploads\/sites\/9\/2020\/03\/Logo-TM.png\",\"contentUrl\":\"https:\/\/monsterspost.com\/fr\/wp-content\/uploads\/sites\/9\/2020\/03\/Logo-TM.png\",\"width\":180,\"height\":180,\"caption\":\"MonsterPost France\"},\"image\":{\"@id\":\"https:\/\/monsterspost.com\/fr\/#\/schema\/logo\/image\/\"},\"sameAs\":[\"https:\/\/www.instagram.com\/template_monster\/\",\"https:\/\/www.pinterest.com\/templatemonster\/\",\"https:\/\/www.youtube.com\/user\/TemplateMonsterCo\/\",\"https:\/\/www.facebook.com\/TemplateMonsterFrance\/\",\"https:\/\/twitter.com\/TM_France\"]}]}<\/script>\n<!-- \/ Yoast SEO plugin. -->","yoast_head_json":{"title":"Contactez-nous","description":"Contacts du blog MonsterPost Si vous avez des questions, des suggestions ou des notifications concernant le site, faites-le nous savoir! Veuillez entrer","robots":{"index":"index","follow":"follow","max-snippet":"max-snippet:-1","max-image-preview":"max-image-preview:large","max-video-preview":"max-video-preview:-1"},"canonical":"https:\/\/monsterspost.com\/fr\/contacts\/","og_locale":"fr_FR","og_type":"article","og_title":"Contactez-nous","og_description":"Contacts du blog MonsterPost Si vous avez des questions, des suggestions ou des notifications concernant le site, faites-le nous savoir! Veuillez entrer","og_url":"https:\/\/monsterspost.com\/fr\/contacts\/","og_site_name":"TemplateMonster Blog France","article_publisher":"https:\/\/www.facebook.com\/TemplateMonsterFrance\/","article_modified_time":"2020-03-23T14:54:40+00:00","og_image":[{"width":900,"height":506,"url":"https:\/\/monsterspost.com\/fr\/wp-content\/uploads\/sites\/9\/2020\/03\/TemplateMonster.jpg","type":"image\/jpeg"}],"twitter_card":"summary_large_image","twitter_site":"@TM_France","schema":{"@context":"https:\/\/schema.org","@graph":[{"@type":"WebPage","@id":"https:\/\/monsterspost.com\/fr\/contacts\/","url":"https:\/\/monsterspost.com\/fr\/contacts\/","name":"Contactez-nous","isPartOf":{"@id":"https:\/\/monsterspost.com\/fr\/#website"},"datePublished":"2018-03-08T13:05:10+00:00","dateModified":"2020-03-23T14:54:40+00:00","description":"Contacts du blog MonsterPost Si vous avez des questions, des suggestions ou des notifications concernant le site, faites-le nous savoir! Veuillez entrer","breadcrumb":{"@id":"https:\/\/monsterspost.com\/fr\/contacts\/#breadcrumb"},"inLanguage":"fr-FR","potentialAction":[{"@type":"ReadAction","target":["https:\/\/monsterspost.com\/fr\/contacts\/"]}]},{"@type":"BreadcrumbList","@id":"https:\/\/monsterspost.com\/fr\/contacts\/#breadcrumb","itemListElement":[{"@type":"ListItem","position":1,"name":"Home","item":"https:\/\/monsterspost.com\/fr\/"},{"@type":"ListItem","position":2,"name":"Contacts"}]},{"@type":"WebSite","@id":"https:\/\/monsterspost.com\/fr\/#website","url":"https:\/\/monsterspost.com\/fr\/","name":"TemplateMonster Blog France","description":"Just another MonsterPost Sites site","publisher":{"@id":"https:\/\/monsterspost.com\/fr\/#organization"},"potentialAction":[{"@type":"SearchAction","target":{"@type":"EntryPoint","urlTemplate":"https:\/\/monsterspost.com\/fr\/?s={search_term_string}"},"query-input":"required name=search_term_string"}],"inLanguage":"fr-FR"},{"@type":"Organization","@id":"https:\/\/monsterspost.com\/fr\/#organization","name":"MonsterPost France","url":"https:\/\/monsterspost.com\/fr\/","logo":{"@type":"ImageObject","inLanguage":"fr-FR","@id":"https:\/\/monsterspost.com\/fr\/#\/schema\/logo\/image\/","url":"https:\/\/monsterspost.com\/fr\/wp-content\/uploads\/sites\/9\/2020\/03\/Logo-TM.png","contentUrl":"https:\/\/monsterspost.com\/fr\/wp-content\/uploads\/sites\/9\/2020\/03\/Logo-TM.png","width":180,"height":180,"caption":"MonsterPost France"},"image":{"@id":"https:\/\/monsterspost.com\/fr\/#\/schema\/logo\/image\/"},"sameAs":["https:\/\/www.instagram.com\/template_monster\/","https:\/\/www.pinterest.com\/templatemonster\/","https:\/\/www.youtube.com\/user\/TemplateMonsterCo\/","https:\/\/www.facebook.com\/TemplateMonsterFrance\/","https:\/\/twitter.com\/TM_France"]}]}},"_links":{"self":[{"href":"https:\/\/monsterspost.com\/fr\/wp-json\/wp\/v2\/pages\/111"}],"collection":[{"href":"https:\/\/monsterspost.com\/fr\/wp-json\/wp\/v2\/pages"}],"about":[{"href":"https:\/\/monsterspost.com\/fr\/wp-json\/wp\/v2\/types\/page"}],"author":[{"embeddable":true,"href":"https:\/\/monsterspost.com\/fr\/wp-json\/wp\/v2\/users\/398561"}],"replies":[{"embeddable":true,"href":"https:\/\/monsterspost.com\/fr\/wp-json\/wp\/v2\/comments?post=111"}],"version-history":[{"count":7,"href":"https:\/\/monsterspost.com\/fr\/wp-json\/wp\/v2\/pages\/111\/revisions"}],"predecessor-version":[{"id":3210,"href":"https:\/\/monsterspost.com\/fr\/wp-json\/wp\/v2\/pages\/111\/revisions\/3210"}],"wp:attachment":[{"href":"https:\/\/monsterspost.com\/fr\/wp-json\/wp\/v2\/media?parent=111"}],"curies":[{"name":"wp","href":"https:\/\/api.w.org\/{rel}","templated":true}]}}