{"id":10551,"date":"2019-07-15T11:08:05","date_gmt":"2019-07-15T11:08:05","guid":{"rendered":"https:\/\/blognew.templatemonster.com\/pl\/blog\/contacts\/"},"modified":"2022-12-30T17:03:14","modified_gmt":"2022-12-30T17:03:14","slug":"contacts-2","status":"publish","type":"page","link":"https:\/\/monsterspost.com\/pl\/contacts-2\/","title":{"rendered":"Kontakty"},"content":{"rendered":"<div class=\"page_contacts\">\n<div class=\"form\">\n<div class=\"center\">\n<div class=\"form__wrap\">\n<div class=\"form__header\">\n<h1>Kontakty MonsterPost Blog<\/h1>\n<p>Skontaktuj si\u0119 z nami w razie jakichkolwiek pyta\u0144, sugestii lub powiadomie\u0144 dotycz\u0105cych naszego bloga!<\/p>\n<\/div>\n<form class=\"contacts_form\">\n<div class=\"row row_2\">\n<div class=\"label__wrap\">\n<input class=\"name\" type=\"text\" placeholder=\"Wpisz swoje imi\u0119\" \/><\/p>\n<div class=\"error_text\">Wpisz swoje imi\u0119.<\/div>\n<\/div>\n<div class=\"label__wrap\">\n<input class=\"email\" type=\"text\" placeholder=\"Podaj poprawny adres e-mail\" \/><\/p>\n<div class=\"error_text\">Podaj poprawny adres e-mail.<\/div>\n<\/div>\n<\/div>\n<div class=\"row\">\n<div class=\"label__wrap\">\n<textarea class=\"message\" rows=\"10\" placeholder=\"Wpisz tekst wiadomo\u015bci\"><\/textarea><\/p>\n<div class=\"error_text\">Wpisz tekst wiadomo\u015bci.<\/div>\n<\/div>\n<\/div>\n<div class=\"btn_submit\"><button type=\"submit\">Wy\u015blij wiadomo\u015b\u0107<\/button><\/div>\n<div class=\"server_error\">B\u0142\u0105d serwera. Spr\u00f3buj ponownie p\u00f3\u017aniej.<\/div>\n<\/form>\n<div class=\"soc\">\n<h2>Skontaktuj si\u0119 z nami za po\u015brednictwem sieci spo\u0142eczno\u015bciowych<\/h2>\n<div class=\"global_soc__list\">\n<p><a class=\"fb\" rel=\"noopener noreferrer nofollow\" href=\"https:\/\/www.facebook.com\/TemplateMonster.Poland\/\" target=\"_blank\"><br \/>\n<\/a><br \/>\n<a class=\"tw\" rel=\"noopener noreferrer nofollow\" href=\"https:\/\/twitter.com\/TM_Polska\" target=\"_blank\"><br \/>\n<\/a><br \/>\n<a class=\"pin\" rel=\"noopener noreferrer nofollow\" href=\"https:\/\/www.pinterest.com\/TM_Polska\/\" target=\"_blank\"> <\/a><\/p>\n<\/div>\n<\/div>\n<\/div>\n<\/div>\n<\/div>\n<div class=\"other\">\n<div class=\"center\">\n<h2>Inne kontakty<\/h2>\n<div class=\"item__list\">\n<div class=\"item\">\n<h3>Zesp\u00f3\u0142 redakcyjny blogu:<\/h3>\n<p>Email: <a rel=\"noopener noreferrer\" href=\"mailto:marketing@templatemonster.com\" target=\"_blank\">marketing@templatemonster.com<\/a><\/p>\n<\/div>\n<div class=\"item\">\n<h3>Dzia\u0142 marketingu:<\/h3>\n<p>Email: <a rel=\"noopener noreferrer\" href=\"mailto:marketing@templatemonster.com\" target=\"_blank\">marketing@templatemonster.com<\/a><br \/>\nTelefon: +1-347-342-0463<\/p>\n<\/div>\n<div class=\"item\">\n<h3>Dzia\u0142 obs\u0142ugi klienta:<\/h3>\n<p>Email: <a rel=\"noopener noreferrer nofollow\" href=\"mailto:support.template-help.com\" target=\"_blank\">support.template-help.com<\/a><\/p>\n<\/div>\n<\/div>\n<p><img decoding=\"async\" class=\"other__bg\" src=\"\/blog\/wp-content\/themes\/redesign\/images\/page_contacts_other.png\" alt=\"MonsterPost contact details\" \/><\/p>\n<\/div>\n<\/div>\n<\/div>\n","protected":false},"excerpt":{"rendered":"<p>Kontakty MonsterPost Blog Skontaktuj si\u0119 z nami w razie jakichkolwiek pyta\u0144, sugestii lub powiadomie\u0144 dotycz\u0105cych naszego bloga! Wpisz swoje imi\u0119. Podaj poprawny adres e-mail. Wpisz tekst wiadomo\u015bci. Wy\u015blij wiadomo\u015b\u0107 B\u0142\u0105d serwera. Spr\u00f3buj ponownie p\u00f3\u017aniej. Skontaktuj si\u0119 z nami za po\u015brednictwem sieci spo\u0142eczno\u015bciowych Inne kontakty Zesp\u00f3\u0142 redakcyjny blogu: Email: marketing@templatemonster.com Dzia\u0142 marketingu: Email: marketing@templatemonster.com Telefon: +1-347-342-0463 [&hellip;]<\/p>\n","protected":false},"author":1646486,"featured_media":0,"parent":0,"menu_order":0,"comment_status":"closed","ping_status":"closed","template":"page-contacts.php","meta":[],"yoast_head":"<!-- This site is optimized with the Yoast SEO plugin v19.11 - https:\/\/yoast.com\/wordpress\/plugins\/seo\/ -->\n<title>Skontaktuj si\u0119 z nami - Polski Blog TemplateMonster<\/title>\n<meta name=\"description\" content=\"Skontaktuj si\u0119 z nami w razie jakichkolwiek pyta\u0144, sugestii lub powiadomie\u0144 dotycz\u0105cych naszego bloga.\" \/>\n<meta name=\"robots\" content=\"index, follow, max-snippet:-1, max-image-preview:large, max-video-preview:-1\" \/>\n<link rel=\"canonical\" href=\"https:\/\/monsterspost.com\/pl\/contacts-2\/\" \/>\n<meta property=\"og:locale\" content=\"pl_PL\" \/>\n<meta property=\"og:type\" content=\"article\" \/>\n<meta property=\"og:title\" content=\"Skontaktuj si\u0119 z nami - Polski Blog TemplateMonster\" \/>\n<meta property=\"og:description\" content=\"Skontaktuj si\u0119 z nami w razie jakichkolwiek pyta\u0144, sugestii lub powiadomie\u0144 dotycz\u0105cych naszego bloga.\" \/>\n<meta property=\"og:url\" content=\"https:\/\/monsterspost.com\/pl\/contacts-2\/\" \/>\n<meta property=\"og:site_name\" content=\"Polski Blog TemplateMonster\" \/>\n<meta property=\"article:publisher\" content=\"https:\/\/www.facebook.com\/TemplateMonster.Poland\/\" \/>\n<meta property=\"article:modified_time\" content=\"2022-12-30T17:03:14+00:00\" \/>\n<meta property=\"og:image\" content=\"https:\/\/monsterspost.com\/pl\/wp-content\/uploads\/sites\/6\/2020\/03\/template-monster.jpg\" \/>\n\t<meta property=\"og:image:width\" content=\"900\" \/>\n\t<meta property=\"og:image:height\" content=\"506\" \/>\n\t<meta property=\"og:image:type\" content=\"image\/jpeg\" \/>\n<meta name=\"twitter:card\" content=\"summary_large_image\" \/>\n<meta name=\"twitter:site\" content=\"@TM_Polska\" \/>\n<meta name=\"twitter:label1\" content=\"Szacowany czas czytania\" \/>\n\t<meta name=\"twitter:data1\" content=\"1 minuta\" \/>\n<script type=\"application\/ld+json\" class=\"yoast-schema-graph\">{\"@context\":\"https:\/\/schema.org\",\"@graph\":[{\"@type\":\"WebPage\",\"@id\":\"https:\/\/monsterspost.com\/pl\/contacts-2\/\",\"url\":\"https:\/\/monsterspost.com\/pl\/contacts-2\/\",\"name\":\"Skontaktuj si\u0119 z nami - Polski Blog TemplateMonster\",\"isPartOf\":{\"@id\":\"https:\/\/monsterspost.com\/pl\/#website\"},\"datePublished\":\"2019-07-15T11:08:05+00:00\",\"dateModified\":\"2022-12-30T17:03:14+00:00\",\"description\":\"Skontaktuj si\u0119 z nami w razie jakichkolwiek pyta\u0144, sugestii lub powiadomie\u0144 dotycz\u0105cych naszego bloga.\",\"breadcrumb\":{\"@id\":\"https:\/\/monsterspost.com\/pl\/contacts-2\/#breadcrumb\"},\"inLanguage\":\"pl-PL\",\"potentialAction\":[{\"@type\":\"ReadAction\",\"target\":[\"https:\/\/monsterspost.com\/pl\/contacts-2\/\"]}]},{\"@type\":\"BreadcrumbList\",\"@id\":\"https:\/\/monsterspost.com\/pl\/contacts-2\/#breadcrumb\",\"itemListElement\":[{\"@type\":\"ListItem\",\"position\":1,\"name\":\"Home\",\"item\":\"https:\/\/monsterspost.com\/pl\/\"},{\"@type\":\"ListItem\",\"position\":2,\"name\":\"Kontakty\"}]},{\"@type\":\"WebSite\",\"@id\":\"https:\/\/monsterspost.com\/pl\/#website\",\"url\":\"https:\/\/monsterspost.com\/pl\/\",\"name\":\"Polski Blog TemplateMonster\",\"description\":\"\",\"publisher\":{\"@id\":\"https:\/\/monsterspost.com\/pl\/#organization\"},\"potentialAction\":[{\"@type\":\"SearchAction\",\"target\":{\"@type\":\"EntryPoint\",\"urlTemplate\":\"https:\/\/monsterspost.com\/pl\/?s={search_term_string}\"},\"query-input\":\"required name=search_term_string\"}],\"inLanguage\":\"pl-PL\"},{\"@type\":\"Organization\",\"@id\":\"https:\/\/monsterspost.com\/pl\/#organization\",\"name\":\"MonsterPost Polska\",\"url\":\"https:\/\/monsterspost.com\/pl\/\",\"logo\":{\"@type\":\"ImageObject\",\"inLanguage\":\"pl-PL\",\"@id\":\"https:\/\/monsterspost.com\/pl\/#\/schema\/logo\/image\/\",\"url\":\"https:\/\/monsterspost.com\/pl\/wp-content\/uploads\/sites\/6\/2020\/03\/Logo-TM.png\",\"contentUrl\":\"https:\/\/monsterspost.com\/pl\/wp-content\/uploads\/sites\/6\/2020\/03\/Logo-TM.png\",\"width\":180,\"height\":180,\"caption\":\"MonsterPost Polska\"},\"image\":{\"@id\":\"https:\/\/monsterspost.com\/pl\/#\/schema\/logo\/image\/\"},\"sameAs\":[\"https:\/\/www.instagram.com\/templatemonster_pl\/\",\"https:\/\/www.pinterest.com\/TM_Polska\/\",\"https:\/\/www.youtube.com\/channel\/UCjXro5nNpRT0p0YY6MGl4sQ\",\"https:\/\/www.facebook.com\/TemplateMonster.Poland\/\",\"https:\/\/twitter.com\/TM_Polska\"]}]}<\/script>\n<!-- \/ Yoast SEO plugin. -->","yoast_head_json":{"title":"Skontaktuj si\u0119 z nami - Polski Blog TemplateMonster","description":"Skontaktuj si\u0119 z nami w razie jakichkolwiek pyta\u0144, sugestii lub powiadomie\u0144 dotycz\u0105cych naszego bloga.","robots":{"index":"index","follow":"follow","max-snippet":"max-snippet:-1","max-image-preview":"max-image-preview:large","max-video-preview":"max-video-preview:-1"},"canonical":"https:\/\/monsterspost.com\/pl\/contacts-2\/","og_locale":"pl_PL","og_type":"article","og_title":"Skontaktuj si\u0119 z nami - Polski Blog TemplateMonster","og_description":"Skontaktuj si\u0119 z nami w razie jakichkolwiek pyta\u0144, sugestii lub powiadomie\u0144 dotycz\u0105cych naszego bloga.","og_url":"https:\/\/monsterspost.com\/pl\/contacts-2\/","og_site_name":"Polski Blog TemplateMonster","article_publisher":"https:\/\/www.facebook.com\/TemplateMonster.Poland\/","article_modified_time":"2022-12-30T17:03:14+00:00","og_image":[{"width":900,"height":506,"url":"https:\/\/monsterspost.com\/pl\/wp-content\/uploads\/sites\/6\/2020\/03\/template-monster.jpg","type":"image\/jpeg"}],"twitter_card":"summary_large_image","twitter_site":"@TM_Polska","twitter_misc":{"Szacowany czas czytania":"1 minuta"},"schema":{"@context":"https:\/\/schema.org","@graph":[{"@type":"WebPage","@id":"https:\/\/monsterspost.com\/pl\/contacts-2\/","url":"https:\/\/monsterspost.com\/pl\/contacts-2\/","name":"Skontaktuj si\u0119 z nami - Polski Blog TemplateMonster","isPartOf":{"@id":"https:\/\/monsterspost.com\/pl\/#website"},"datePublished":"2019-07-15T11:08:05+00:00","dateModified":"2022-12-30T17:03:14+00:00","description":"Skontaktuj si\u0119 z nami w razie jakichkolwiek pyta\u0144, sugestii lub powiadomie\u0144 dotycz\u0105cych naszego bloga.","breadcrumb":{"@id":"https:\/\/monsterspost.com\/pl\/contacts-2\/#breadcrumb"},"inLanguage":"pl-PL","potentialAction":[{"@type":"ReadAction","target":["https:\/\/monsterspost.com\/pl\/contacts-2\/"]}]},{"@type":"BreadcrumbList","@id":"https:\/\/monsterspost.com\/pl\/contacts-2\/#breadcrumb","itemListElement":[{"@type":"ListItem","position":1,"name":"Home","item":"https:\/\/monsterspost.com\/pl\/"},{"@type":"ListItem","position":2,"name":"Kontakty"}]},{"@type":"WebSite","@id":"https:\/\/monsterspost.com\/pl\/#website","url":"https:\/\/monsterspost.com\/pl\/","name":"Polski Blog TemplateMonster","description":"","publisher":{"@id":"https:\/\/monsterspost.com\/pl\/#organization"},"potentialAction":[{"@type":"SearchAction","target":{"@type":"EntryPoint","urlTemplate":"https:\/\/monsterspost.com\/pl\/?s={search_term_string}"},"query-input":"required name=search_term_string"}],"inLanguage":"pl-PL"},{"@type":"Organization","@id":"https:\/\/monsterspost.com\/pl\/#organization","name":"MonsterPost Polska","url":"https:\/\/monsterspost.com\/pl\/","logo":{"@type":"ImageObject","inLanguage":"pl-PL","@id":"https:\/\/monsterspost.com\/pl\/#\/schema\/logo\/image\/","url":"https:\/\/monsterspost.com\/pl\/wp-content\/uploads\/sites\/6\/2020\/03\/Logo-TM.png","contentUrl":"https:\/\/monsterspost.com\/pl\/wp-content\/uploads\/sites\/6\/2020\/03\/Logo-TM.png","width":180,"height":180,"caption":"MonsterPost Polska"},"image":{"@id":"https:\/\/monsterspost.com\/pl\/#\/schema\/logo\/image\/"},"sameAs":["https:\/\/www.instagram.com\/templatemonster_pl\/","https:\/\/www.pinterest.com\/TM_Polska\/","https:\/\/www.youtube.com\/channel\/UCjXro5nNpRT0p0YY6MGl4sQ","https:\/\/www.facebook.com\/TemplateMonster.Poland\/","https:\/\/twitter.com\/TM_Polska"]}]}},"_links":{"self":[{"href":"https:\/\/monsterspost.com\/pl\/wp-json\/wp\/v2\/pages\/10551"}],"collection":[{"href":"https:\/\/monsterspost.com\/pl\/wp-json\/wp\/v2\/pages"}],"about":[{"href":"https:\/\/monsterspost.com\/pl\/wp-json\/wp\/v2\/types\/page"}],"author":[{"embeddable":true,"href":"https:\/\/monsterspost.com\/pl\/wp-json\/wp\/v2\/users\/1646486"}],"replies":[{"embeddable":true,"href":"https:\/\/monsterspost.com\/pl\/wp-json\/wp\/v2\/comments?post=10551"}],"version-history":[{"count":11,"href":"https:\/\/monsterspost.com\/pl\/wp-json\/wp\/v2\/pages\/10551\/revisions"}],"predecessor-version":[{"id":15039,"href":"https:\/\/monsterspost.com\/pl\/wp-json\/wp\/v2\/pages\/10551\/revisions\/15039"}],"wp:attachment":[{"href":"https:\/\/monsterspost.com\/pl\/wp-json\/wp\/v2\/media?parent=10551"}],"curies":[{"name":"wp","href":"https:\/\/api.w.org\/{rel}","templated":true}]}}