{"id":15,"date":"2014-12-31T10:16:22","date_gmt":"2014-12-31T10:16:22","guid":{"rendered":"https:\/\/www.templatemonster.com\/pl\/blog\/?page_id=15"},"modified":"2020-04-03T09:12:38","modified_gmt":"2020-04-03T09:12:38","slug":"o-nas","status":"publish","type":"page","link":"https:\/\/monsterspost.com\/pl\/o-nas\/","title":{"rendered":"O nas"},"content":{"rendered":"<p>MonsterPost jest aktualizowany codziennie blog o projektowaniu i zbiorowa spo\u0142eczno\u015b\u0107. Od ponad 10 lat publikujemy swoje opinie o ka\u017cdym aspekcie bran\u017cy\u00a0\u2013 dostarczamy wiadomo\u015bci, opinie o designie, dajemy pomocne narz\u0119dzia dla deweloperzy, odkrywamy utalentowanych nowicjuszy i opowiadamy o znanych pracownikach bran\u017cy.<\/p>\n<p>Uwa\u017camy, \u017ce wszystko, co publikujemy jako okazj\u0119 do badania wsp\u00f3\u0142czesnego \u017cycia poprzez projektowanie i rozw\u00f3j stron internetowych, robimy z naszym mi\u0119dzynarodowym czytelnictwem.<\/p>\n<p>Blog jest cz\u0119\u015bci\u0105\u00a0<a rel=\"noopener noreferrer\" href=\"http:\/\/www.templatemonster.com\/pl\/\" target=\"_blank\">Polskiej wersji strony TemplateMonster<\/a>\u00a0prowadzon\u0105 przez firm\u0119 <strong>Jetimpex <span class=\"copy\">Inc<\/span><\/strong>.<\/p>\n<h2 style=\"text-align: center;\">Wszystko o naszej pracy<\/h2>\n<p>Blog TemplateMonster by\u0142 stworzony wiele lat temu przebywaj\u0105c na fali popularno\u015bci. Potem postanowili\u015bmy zaktualizowa\u0107 wygl\u0105d bloga. Wi\u0119c, zacz\u0119li\u015bmy pracowa\u0107 ze wszystkich sil, d\u0142ugo pracowali\u015bmy z uk\u0142adem, linia za lini\u0105 stworzyli\u015bmy elegancki kod, starannie przetestowali\u015bmy nasz design, i stale pracujemy aby zrobi\u0107 nasz blog lepszym<strong>.<\/strong><\/p>\n<p>Teraz, po zako\u0144czeniu redesignu, chleliby\u015bmy powiedzie\u0107 tylko jedno... Witamy na polskim Blogu TemplateMonster!<\/p>\n<h2 style=\"text-align: center;\">Tre\u015b\u0107<\/h2>\n<p><a href=\"http:\/\/blog.templatemonster.com\/wp-content\/uploads\/2013\/10\/Blog-Content-MonsterPost.jpg\" target=\"_blank\"><img decoding=\"async\" loading=\"lazy\" class=\"aligncenter wp-image-46697 size-full\" src=\"http:\/\/blog.templatemonster.com\/wp-content\/uploads\/2013\/10\/Blog-Content-MonsterPost.jpg\" alt=\"Blog Content MonsterPost\" width=\"335\" height=\"200\" \/><\/a><\/p>\n<p>Na blogu MonsterPost znajdziesz r\u00f3\u017cne artyku\u0142y, tutoriale, gratisy, narz\u0119dzia, infografiki \u2013 wszystkie zwi\u0105zane s\u0105 z tematem projektowanie i tworzenie stron internetowych. Staramy si\u0119 znale\u017a\u0107 najlepsze i najciekawsze dla Ciebie.<\/p>\n<h2 style=\"text-align: center;\">Artyku\u0142y go\u015bcinne<\/h2>\n<p><img decoding=\"async\" loading=\"lazy\" class=\"alignnone size-full wp-image-12427\" src=\"https:\/\/www.templatemonster.com\/blog\/pl\/wp-content\/uploads\/sites\/6\/2020\/04\/MonsterPost-Polska.png\" alt=\"MonsterPost Polska\" width=\"900\" height=\"506\" srcset=\"https:\/\/monsterspost.com\/pl\/wp-content\/uploads\/sites\/6\/2020\/04\/MonsterPost-Polska.png 900w, https:\/\/monsterspost.com\/pl\/wp-content\/uploads\/sites\/6\/2020\/04\/MonsterPost-Polska-300x169.png 300w, https:\/\/monsterspost.com\/pl\/wp-content\/uploads\/sites\/6\/2020\/04\/MonsterPost-Polska-768x432.png 768w\" sizes=\"(max-width: 900px) 100vw, 900px\" \/><\/p>\n<p>MonsterPost wsp\u00f3\u0142pracuje z utalentowanymi internetowymi blogerami, badaczami i programistami, aby donie\u015b\u0107 do naszych czytelnik\u00f3w nowe idee i sposoby my\u015blenia o projektowaniu stron internetowych. Je\u015bli chcesz do\u0142\u0105czy\u0107 do naszego blogu, odwied\u017a stron\u0119 ze\u00a0<a rel=\"noopener noreferrer\" href=\"https:\/\/www.templatemonster.com\/blog\/pl\/partnerstwo\/\" target=\"_blank\">wskaz\u00f3wkami dotycz\u0105cymi artyku\u0142\u00f3w go\u015bcinnych<\/a>.<\/p>\n","protected":false},"excerpt":{"rendered":"<p>MonsterPost jest aktualizowany codziennie blog o projektowaniu i zbiorowa spo\u0142eczno\u015b\u0107. Od ponad 10 lat publikujemy swoje opinie o ka\u017cdym aspekcie bran\u017cy\u00a0\u2013 dostarczamy wiadomo\u015bci, opinie o designie, dajemy pomocne narz\u0119dzia dla deweloperzy, odkrywamy utalentowanych nowicjuszy i opowiadamy o znanych pracownikach bran\u017cy. Uwa\u017camy, \u017ce wszystko, co publikujemy jako okazj\u0119 do badania wsp\u00f3\u0142czesnego \u017cycia poprzez projektowanie i rozw\u00f3j [&hellip;]<\/p>\n","protected":false},"author":398561,"featured_media":12427,"parent":0,"menu_order":0,"comment_status":"open","ping_status":"open","template":"","meta":[],"yoast_head":"<!-- This site is optimized with the Yoast SEO plugin v19.11 - https:\/\/yoast.com\/wordpress\/plugins\/seo\/ -->\n<title>O nas \u2b50 Polski Blog TemplateMonster<\/title>\n<meta name=\"description\" content=\"MonsterPost jest aktualizowany codziennie blog o projektowaniu i zbiorowa spo\u0142eczno\u015b\u0107. Od ponad 10 lat publikujemy swoje opinie o ka\u017cdym aspekcie bran\u017cy IT.\" \/>\n<meta name=\"robots\" content=\"index, follow, max-snippet:-1, max-image-preview:large, max-video-preview:-1\" \/>\n<link rel=\"canonical\" href=\"https:\/\/monsterspost.com\/pl\/o-nas\/\" \/>\n<meta property=\"og:locale\" content=\"pl_PL\" \/>\n<meta property=\"og:type\" content=\"article\" \/>\n<meta property=\"og:title\" content=\"O nas \u2b50 Polski Blog TemplateMonster\" \/>\n<meta property=\"og:description\" content=\"MonsterPost jest aktualizowany codziennie blog o projektowaniu i zbiorowa spo\u0142eczno\u015b\u0107. Od ponad 10 lat publikujemy swoje opinie o ka\u017cdym aspekcie bran\u017cy IT.\" \/>\n<meta property=\"og:url\" content=\"https:\/\/monsterspost.com\/pl\/o-nas\/\" \/>\n<meta property=\"og:site_name\" content=\"Polski Blog TemplateMonster\" \/>\n<meta property=\"article:publisher\" content=\"https:\/\/www.facebook.com\/TemplateMonster.Poland\/\" \/>\n<meta property=\"article:modified_time\" content=\"2020-04-03T09:12:38+00:00\" \/>\n<meta property=\"og:image\" content=\"https:\/\/monsterspost.com\/pl\/wp-content\/uploads\/sites\/6\/2020\/04\/MonsterPost-Polska.png\" \/>\n\t<meta property=\"og:image:width\" content=\"900\" \/>\n\t<meta property=\"og:image:height\" content=\"506\" \/>\n\t<meta property=\"og:image:type\" content=\"image\/png\" \/>\n<meta name=\"twitter:card\" content=\"summary_large_image\" \/>\n<meta name=\"twitter:site\" content=\"@TM_Polska\" \/>\n<meta name=\"twitter:label1\" content=\"Szacowany czas czytania\" \/>\n\t<meta name=\"twitter:data1\" content=\"1 minuta\" \/>\n<script type=\"application\/ld+json\" class=\"yoast-schema-graph\">{\"@context\":\"https:\/\/schema.org\",\"@graph\":[{\"@type\":\"WebPage\",\"@id\":\"https:\/\/monsterspost.com\/pl\/o-nas\/\",\"url\":\"https:\/\/monsterspost.com\/pl\/o-nas\/\",\"name\":\"O nas \u2b50 Polski Blog TemplateMonster\",\"isPartOf\":{\"@id\":\"https:\/\/monsterspost.com\/pl\/#website\"},\"datePublished\":\"2014-12-31T10:16:22+00:00\",\"dateModified\":\"2020-04-03T09:12:38+00:00\",\"description\":\"MonsterPost jest aktualizowany codziennie blog o projektowaniu i zbiorowa spo\u0142eczno\u015b\u0107. Od ponad 10 lat publikujemy swoje opinie o ka\u017cdym aspekcie bran\u017cy IT.\",\"breadcrumb\":{\"@id\":\"https:\/\/monsterspost.com\/pl\/o-nas\/#breadcrumb\"},\"inLanguage\":\"pl-PL\",\"potentialAction\":[{\"@type\":\"ReadAction\",\"target\":[\"https:\/\/monsterspost.com\/pl\/o-nas\/\"]}]},{\"@type\":\"BreadcrumbList\",\"@id\":\"https:\/\/monsterspost.com\/pl\/o-nas\/#breadcrumb\",\"itemListElement\":[{\"@type\":\"ListItem\",\"position\":1,\"name\":\"Home\",\"item\":\"https:\/\/monsterspost.com\/pl\/\"},{\"@type\":\"ListItem\",\"position\":2,\"name\":\"O nas\"}]},{\"@type\":\"WebSite\",\"@id\":\"https:\/\/monsterspost.com\/pl\/#website\",\"url\":\"https:\/\/monsterspost.com\/pl\/\",\"name\":\"Polski Blog TemplateMonster\",\"description\":\"\",\"publisher\":{\"@id\":\"https:\/\/monsterspost.com\/pl\/#organization\"},\"potentialAction\":[{\"@type\":\"SearchAction\",\"target\":{\"@type\":\"EntryPoint\",\"urlTemplate\":\"https:\/\/monsterspost.com\/pl\/?s={search_term_string}\"},\"query-input\":\"required name=search_term_string\"}],\"inLanguage\":\"pl-PL\"},{\"@type\":\"Organization\",\"@id\":\"https:\/\/monsterspost.com\/pl\/#organization\",\"name\":\"MonsterPost Polska\",\"url\":\"https:\/\/monsterspost.com\/pl\/\",\"logo\":{\"@type\":\"ImageObject\",\"inLanguage\":\"pl-PL\",\"@id\":\"https:\/\/monsterspost.com\/pl\/#\/schema\/logo\/image\/\",\"url\":\"https:\/\/monsterspost.com\/pl\/wp-content\/uploads\/sites\/6\/2020\/03\/Logo-TM.png\",\"contentUrl\":\"https:\/\/monsterspost.com\/pl\/wp-content\/uploads\/sites\/6\/2020\/03\/Logo-TM.png\",\"width\":180,\"height\":180,\"caption\":\"MonsterPost Polska\"},\"image\":{\"@id\":\"https:\/\/monsterspost.com\/pl\/#\/schema\/logo\/image\/\"},\"sameAs\":[\"https:\/\/www.instagram.com\/templatemonster_pl\/\",\"https:\/\/www.pinterest.com\/TM_Polska\/\",\"https:\/\/www.youtube.com\/channel\/UCjXro5nNpRT0p0YY6MGl4sQ\",\"https:\/\/www.facebook.com\/TemplateMonster.Poland\/\",\"https:\/\/twitter.com\/TM_Polska\"]}]}<\/script>\n<!-- \/ Yoast SEO plugin. -->","yoast_head_json":{"title":"O nas \u2b50 Polski Blog TemplateMonster","description":"MonsterPost jest aktualizowany codziennie blog o projektowaniu i zbiorowa spo\u0142eczno\u015b\u0107. Od ponad 10 lat publikujemy swoje opinie o ka\u017cdym aspekcie bran\u017cy IT.","robots":{"index":"index","follow":"follow","max-snippet":"max-snippet:-1","max-image-preview":"max-image-preview:large","max-video-preview":"max-video-preview:-1"},"canonical":"https:\/\/monsterspost.com\/pl\/o-nas\/","og_locale":"pl_PL","og_type":"article","og_title":"O nas \u2b50 Polski Blog TemplateMonster","og_description":"MonsterPost jest aktualizowany codziennie blog o projektowaniu i zbiorowa spo\u0142eczno\u015b\u0107. Od ponad 10 lat publikujemy swoje opinie o ka\u017cdym aspekcie bran\u017cy IT.","og_url":"https:\/\/monsterspost.com\/pl\/o-nas\/","og_site_name":"Polski Blog TemplateMonster","article_publisher":"https:\/\/www.facebook.com\/TemplateMonster.Poland\/","article_modified_time":"2020-04-03T09:12:38+00:00","og_image":[{"width":900,"height":506,"url":"https:\/\/monsterspost.com\/pl\/wp-content\/uploads\/sites\/6\/2020\/04\/MonsterPost-Polska.png","type":"image\/png"}],"twitter_card":"summary_large_image","twitter_site":"@TM_Polska","twitter_misc":{"Szacowany czas czytania":"1 minuta"},"schema":{"@context":"https:\/\/schema.org","@graph":[{"@type":"WebPage","@id":"https:\/\/monsterspost.com\/pl\/o-nas\/","url":"https:\/\/monsterspost.com\/pl\/o-nas\/","name":"O nas \u2b50 Polski Blog TemplateMonster","isPartOf":{"@id":"https:\/\/monsterspost.com\/pl\/#website"},"datePublished":"2014-12-31T10:16:22+00:00","dateModified":"2020-04-03T09:12:38+00:00","description":"MonsterPost jest aktualizowany codziennie blog o projektowaniu i zbiorowa spo\u0142eczno\u015b\u0107. Od ponad 10 lat publikujemy swoje opinie o ka\u017cdym aspekcie bran\u017cy IT.","breadcrumb":{"@id":"https:\/\/monsterspost.com\/pl\/o-nas\/#breadcrumb"},"inLanguage":"pl-PL","potentialAction":[{"@type":"ReadAction","target":["https:\/\/monsterspost.com\/pl\/o-nas\/"]}]},{"@type":"BreadcrumbList","@id":"https:\/\/monsterspost.com\/pl\/o-nas\/#breadcrumb","itemListElement":[{"@type":"ListItem","position":1,"name":"Home","item":"https:\/\/monsterspost.com\/pl\/"},{"@type":"ListItem","position":2,"name":"O nas"}]},{"@type":"WebSite","@id":"https:\/\/monsterspost.com\/pl\/#website","url":"https:\/\/monsterspost.com\/pl\/","name":"Polski Blog TemplateMonster","description":"","publisher":{"@id":"https:\/\/monsterspost.com\/pl\/#organization"},"potentialAction":[{"@type":"SearchAction","target":{"@type":"EntryPoint","urlTemplate":"https:\/\/monsterspost.com\/pl\/?s={search_term_string}"},"query-input":"required name=search_term_string"}],"inLanguage":"pl-PL"},{"@type":"Organization","@id":"https:\/\/monsterspost.com\/pl\/#organization","name":"MonsterPost Polska","url":"https:\/\/monsterspost.com\/pl\/","logo":{"@type":"ImageObject","inLanguage":"pl-PL","@id":"https:\/\/monsterspost.com\/pl\/#\/schema\/logo\/image\/","url":"https:\/\/monsterspost.com\/pl\/wp-content\/uploads\/sites\/6\/2020\/03\/Logo-TM.png","contentUrl":"https:\/\/monsterspost.com\/pl\/wp-content\/uploads\/sites\/6\/2020\/03\/Logo-TM.png","width":180,"height":180,"caption":"MonsterPost Polska"},"image":{"@id":"https:\/\/monsterspost.com\/pl\/#\/schema\/logo\/image\/"},"sameAs":["https:\/\/www.instagram.com\/templatemonster_pl\/","https:\/\/www.pinterest.com\/TM_Polska\/","https:\/\/www.youtube.com\/channel\/UCjXro5nNpRT0p0YY6MGl4sQ","https:\/\/www.facebook.com\/TemplateMonster.Poland\/","https:\/\/twitter.com\/TM_Polska"]}]}},"_links":{"self":[{"href":"https:\/\/monsterspost.com\/pl\/wp-json\/wp\/v2\/pages\/15"}],"collection":[{"href":"https:\/\/monsterspost.com\/pl\/wp-json\/wp\/v2\/pages"}],"about":[{"href":"https:\/\/monsterspost.com\/pl\/wp-json\/wp\/v2\/types\/page"}],"author":[{"embeddable":true,"href":"https:\/\/monsterspost.com\/pl\/wp-json\/wp\/v2\/users\/398561"}],"replies":[{"embeddable":true,"href":"https:\/\/monsterspost.com\/pl\/wp-json\/wp\/v2\/comments?post=15"}],"version-history":[{"count":9,"href":"https:\/\/monsterspost.com\/pl\/wp-json\/wp\/v2\/pages\/15\/revisions"}],"predecessor-version":[{"id":12513,"href":"https:\/\/monsterspost.com\/pl\/wp-json\/wp\/v2\/pages\/15\/revisions\/12513"}],"wp:featuredmedia":[{"embeddable":true,"href":"https:\/\/monsterspost.com\/pl\/wp-json\/wp\/v2\/media\/12427"}],"wp:attachment":[{"href":"https:\/\/monsterspost.com\/pl\/wp-json\/wp\/v2\/media?parent=15"}],"curies":[{"name":"wp","href":"https:\/\/api.w.org\/{rel}","templated":true}]}}