{"id":9318,"date":"2019-07-15T11:08:08","date_gmt":"2019-07-15T11:08:08","guid":{"rendered":"https:\/\/blognew.templatemonster.com\/tr\/blog\/contacts\/"},"modified":"2020-03-23T14:27:02","modified_gmt":"2020-03-23T14:27:02","slug":"contacts","status":"publish","type":"page","link":"https:\/\/monsterspost.com\/tr\/contacts\/","title":{"rendered":"Contacts"},"content":{"rendered":"<div class=\"page_contacts\">\n<div class=\"form\">\n<div class=\"center\">\n<div class=\"form__wrap\">\n<div class=\"form__header\">\n<h1>\n                            MonsterPost Blog Ki\u015fileri<br \/>\n                        <\/h1>\n<p>\n                            Siteyle ilgili herhangi bir sorunuz, \u00f6neriniz veya bildiriminiz varsa, l\u00fctfen bize bildirin!\n                        <\/p>\n<\/p><\/div>\n<form class=\"contacts_form\">\n<div class=\"row row_2\">\n<div class=\"label__wrap\">\n                                <svg class=\"svg_name\" width=\"25\" height=\"25\" viewBox=\"0 0 25 25\" fill=\"none\" xmlns=\"http:\/\/www.w3.org\/2000\/svg\">\n                                    <path fill-rule=\"evenodd\" clip-rule=\"evenodd\" d=\"M10.5 15.5C10.5 15.5 9 15 9 12.5C8.174 12.5 8.174 10.5 9 10.5C9 10.165 7.5 6.5 10 7C10.5 5 16 5 16.5 7C16.847 8.388 16 10.254 16 10.5C16.826 10.5 16.826 12.5 16 12.5C16 15 14.5 15.5 14.5 15.5V18C16.977 18.929 19.43 19.697 20.686 20.575C22.734 18.499 24 15.647 24 12.5C24 6.148 18.852 1 12.5 1C6.148 1 1 6.148 1 12.5C1 15.653 2.27 18.509 4.325 20.587C5.655 19.667 8.277 18.841 10.5 18V15.5V15.5Z\" stroke=\"#B3BEC4\" stroke-linejoin=\"round\"\/>\n                                    <path d=\"M4.32617 20.5872C6.41117 22.6942 9.30317 24.0002 12.5012 24.0002C15.7042 24.0002 18.6002 22.6902 20.6862 20.5752\" stroke=\"#B3BEC4\" stroke-linejoin=\"round\"\/>\n                                <\/svg><br \/>\n                                <input type=\"text\" placeholder=\"Ad\u0131n\u0131z\u0131 giriniz\" class=\"name\"><\/p>\n<div class=\"error_text\">\n                                    L\u00fctfen ad\u0131n\u0131z\u0131 giriniz.\n                                <\/div>\n<\/p><\/div>\n<div class=\"label__wrap\">\n                                <svg class=\"svg_email\" width=\"21\" height=\"15\" viewBox=\"0 0 21 15\" fill=\"none\" xmlns=\"http:\/\/www.w3.org\/2000\/svg\">\n                                    <path fill-rule=\"evenodd\" clip-rule=\"evenodd\" d=\"M20 12.3095C20 13.0587 19.392 13.6667 18.6429 13.6667H2.35714C1.608 13.6667 1 13.0587 1 12.3095V2.35714C1 1.6071 1.608 1 2.35714 1H18.6429C19.392 1 20 1.6071 20 2.35714V12.3095V12.3095Z\" stroke=\"#B3BEC4\" stroke-linecap=\"round\" stroke-linejoin=\"round\"\/>\n                                    <path d=\"M19.5484 1.45312L10.5007 8.69122L1.45312 1.45312\" stroke=\"#B3BEC4\" stroke-linecap=\"round\" stroke-linejoin=\"round\"\/>\n                                <\/svg><br \/>\n                                <input type=\"text\" placeholder=\"E-postan\u0131z\u0131 giriniz\" class=\"email\"><\/p>\n<div class=\"error_text\">\n                                    L\u00fctfen ge\u00e7erli eposta adresini giriniz.\n                                <\/div>\n<\/p><\/div>\n<\/p><\/div>\n<div class=\"row\">\n<div class=\"label__wrap\">\n                                <svg class=\"svg_message\" width=\"25\" height=\"23\" viewBox=\"0 0 25 23\" fill=\"none\" xmlns=\"http:\/\/www.w3.org\/2000\/svg\">\n                                    <path fill-rule=\"evenodd\" clip-rule=\"evenodd\" d=\"M24 10.383C24 15.564 18.852 19.766 12.5 19.766C11.082 19.766 9.725 19.556 8.471 19.173L1.862 22.249L4.45 17.083C2.321 15.38 1 13.007 1 10.383C1 5.201 6.148 1 12.5 1C18.852 1 24 5.201 24 10.383V10.383Z\" stroke=\"#B3BEC4\" stroke-linejoin=\"round\"\/>\n                                <\/svg><br \/>\n                                <textarea rows=\"10\" placeholder=\"Mesaj\u0131n\u0131z\u0131 giriniz\" class=\"message\"><\/textarea><\/p>\n<div class=\"error_text\">\n                                    L\u00fctfen mesaj\u0131n\u0131z\u0131 girin.\n                                <\/div>\n<\/p><\/div>\n<\/p><\/div>\n<div class=\"btn_submit\">\n                            <button type=\"submit\">Bir mesaj g\u00f6ndermek<\/button>\n                        <\/div>\n<div class=\"server_error\">\n                            Server hatas\u0131. L\u00fctfen daha sonra tekrar deneyiniz.\n                        <\/div>\n<\/p><\/form>\n<div class=\"soc\">\n<h2>Sosyal a\u011flar arac\u0131l\u0131\u011f\u0131yla bizimle ileti\u015fime ge\u00e7in<\/h2>\n<div class=\"global_soc__list\">\n                            <a href=\"https:\/\/www.facebook.com\/TemplateMonsterTurkey\/\" class=\"fb broken_link\" target=\"_blank\" rel=\"noopener noreferrer nofollow\"><br \/>\n                                <svg width=\"9\" height=\"18\" viewBox=\"0 0 9 18\" fill=\"none\" xmlns=\"http:\/\/www.w3.org\/2000\/svg\">\n                                    <path d=\"M5.625 6.1875V3.9375C5.625 3.3165 6.129 2.8125 6.75 2.8125H7.875V0H5.625C3.76087 0 2.25 1.51088 2.25 3.375V6.1875H0V9H2.25V18H5.625V9H7.875L9 6.1875H5.625Z\" fill=\"white\"\/>\n                                <\/svg><br \/>\n                            <\/a>\n                        <\/div>\n<\/p><\/div>\n<\/p><\/div>\n<\/p><\/div>\n<\/p><\/div>\n<div class=\"other\">\n<div class=\"center\">\n<h2>Di\u011fer Ki\u015filer<\/h2>\n<div class=\"item__list\">\n<div class=\"item\">\n<h3>Blog \u0130\u00e7erik Ekibi:<\/h3>\n<p>\n                            Email: <a href=\"mailto:avbulat@templatemonster.me\" target=\"_blank\" rel=\"noopener noreferrer nofollow\">avbulat@templatemonster.me<\/a>\n                        <\/p>\n<\/p><\/div>\n<div class=\"item\">\n<h3>Pazarlama B\u00f6l\u00fcm\u00fc:<\/h3>\n<p>\n                            Email: <a href=\"mailto:marketing@templatemonster.com\" target=\"_blank\" rel=\"noopener noreferrer\">marketing@templatemonster.com<\/a> <br \/>\n                            Phone: +1-347-342-0463\n                        <\/p>\n<\/p><\/div>\n<div class=\"item\">\n<h3>M\u00fc\u015fteri Destek Departman\u0131:<\/h3>\n<p>\n                            Email: <a href=\"mailto:support.template-help.com\" target=\"_blank\" rel=\"noopener noreferrer nofollow\">support.template-help.com<\/a>\n                        <\/p>\n<\/p><\/div>\n<\/p><\/div>\n<p>                <img decoding=\"async\" class=\"other__bg\" src=\"\/blog\/wp-content\/themes\/redesign\/images\/page_contacts_other.png\" alt=\"MonsterPost contact details\">\n            <\/div>\n<\/p><\/div>\n<\/p><\/div>\n","protected":false},"excerpt":{"rendered":"<p>MonsterPost Blog Ki\u015fileri Siteyle ilgili herhangi bir sorunuz, \u00f6neriniz veya bildiriminiz varsa, l\u00fctfen bize bildirin! L\u00fctfen ad\u0131n\u0131z\u0131 giriniz. L\u00fctfen ge\u00e7erli eposta adresini giriniz. L\u00fctfen mesaj\u0131n\u0131z\u0131 girin. Bir mesaj g\u00f6ndermek Server hatas\u0131. L\u00fctfen daha sonra tekrar deneyiniz. Sosyal a\u011flar arac\u0131l\u0131\u011f\u0131yla bizimle ileti\u015fime ge\u00e7in Di\u011fer Ki\u015filer Blog \u0130\u00e7erik Ekibi: Email: avbulat@templatemonster.me Pazarlama B\u00f6l\u00fcm\u00fc: Email: marketing@templatemonster.com Phone: +1-347-342-0463 [&hellip;]<\/p>\n","protected":false},"author":1646486,"featured_media":0,"parent":0,"menu_order":0,"comment_status":"closed","ping_status":"closed","template":"page-contacts.php","meta":[],"yoast_head":"<!-- This site is optimized with the Yoast SEO plugin v19.11 - https:\/\/yoast.com\/wordpress\/plugins\/seo\/ -->\n<title>Contacts \u2b50 Blog TemplateMonster T\u00fcrkiye<\/title>\n<meta name=\"description\" content=\"MonsterPost Blog Ki\u015fileri Siteyle ilgili herhangi bir sorunuz, \u00f6neriniz veya bildiriminiz varsa, l\u00fctfen bize bildirin! L\u00fctfen ad\u0131n\u0131z\u0131 giriniz. L\u00fctfen\" \/>\n<meta name=\"robots\" content=\"index, follow, max-snippet:-1, max-image-preview:large, max-video-preview:-1\" \/>\n<link rel=\"canonical\" href=\"https:\/\/monsterspost.com\/tr\/contacts\/\" \/>\n<meta property=\"og:locale\" content=\"tr_TR\" \/>\n<meta property=\"og:type\" content=\"article\" \/>\n<meta property=\"og:title\" content=\"Contacts \u2b50 Blog TemplateMonster T\u00fcrkiye\" \/>\n<meta property=\"og:description\" content=\"MonsterPost Blog Ki\u015fileri Siteyle ilgili herhangi bir sorunuz, \u00f6neriniz veya bildiriminiz varsa, l\u00fctfen bize bildirin! L\u00fctfen ad\u0131n\u0131z\u0131 giriniz. L\u00fctfen\" \/>\n<meta property=\"og:url\" content=\"https:\/\/monsterspost.com\/tr\/contacts\/\" \/>\n<meta property=\"og:site_name\" content=\"Blog TemplateMonster T\u00fcrkiye\" \/>\n<meta property=\"article:publisher\" content=\"https:\/\/www.facebook.com\/TemplateMonsterTurkey\/\" \/>\n<meta property=\"article:modified_time\" content=\"2020-03-23T14:27:02+00:00\" \/>\n<meta property=\"og:image\" content=\"https:\/\/monsterspost.com\/tr\/wp-content\/uploads\/sites\/8\/2020\/03\/TemplateMonster.jpg\" \/>\n\t<meta property=\"og:image:width\" content=\"900\" \/>\n\t<meta property=\"og:image:height\" content=\"506\" \/>\n\t<meta property=\"og:image:type\" content=\"image\/jpeg\" \/>\n<meta name=\"twitter:card\" content=\"summary_large_image\" \/>\n<meta name=\"twitter:site\" content=\"@templatemonster\" \/>\n<script type=\"application\/ld+json\" class=\"yoast-schema-graph\">{\"@context\":\"https:\/\/schema.org\",\"@graph\":[{\"@type\":\"WebPage\",\"@id\":\"https:\/\/monsterspost.com\/tr\/contacts\/\",\"url\":\"https:\/\/monsterspost.com\/tr\/contacts\/\",\"name\":\"Contacts \u2b50 Blog TemplateMonster T\u00fcrkiye\",\"isPartOf\":{\"@id\":\"https:\/\/monsterspost.com\/tr\/#website\"},\"datePublished\":\"2019-07-15T11:08:08+00:00\",\"dateModified\":\"2020-03-23T14:27:02+00:00\",\"description\":\"MonsterPost Blog Ki\u015fileri Siteyle ilgili herhangi bir sorunuz, \u00f6neriniz veya bildiriminiz varsa, l\u00fctfen bize bildirin! L\u00fctfen ad\u0131n\u0131z\u0131 giriniz. L\u00fctfen\",\"breadcrumb\":{\"@id\":\"https:\/\/monsterspost.com\/tr\/contacts\/#breadcrumb\"},\"inLanguage\":\"tr\",\"potentialAction\":[{\"@type\":\"ReadAction\",\"target\":[\"https:\/\/monsterspost.com\/tr\/contacts\/\"]}]},{\"@type\":\"BreadcrumbList\",\"@id\":\"https:\/\/monsterspost.com\/tr\/contacts\/#breadcrumb\",\"itemListElement\":[{\"@type\":\"ListItem\",\"position\":1,\"name\":\"Home\",\"item\":\"https:\/\/monsterspost.com\/tr\/\"},{\"@type\":\"ListItem\",\"position\":2,\"name\":\"Contacts\"}]},{\"@type\":\"WebSite\",\"@id\":\"https:\/\/monsterspost.com\/tr\/#website\",\"url\":\"https:\/\/monsterspost.com\/tr\/\",\"name\":\"Blog TemplateMonster T\u00fcrkiye\",\"description\":\"Just another MonsterPost Sites site\",\"publisher\":{\"@id\":\"https:\/\/monsterspost.com\/tr\/#organization\"},\"potentialAction\":[{\"@type\":\"SearchAction\",\"target\":{\"@type\":\"EntryPoint\",\"urlTemplate\":\"https:\/\/monsterspost.com\/tr\/?s={search_term_string}\"},\"query-input\":\"required name=search_term_string\"}],\"inLanguage\":\"tr\"},{\"@type\":\"Organization\",\"@id\":\"https:\/\/monsterspost.com\/tr\/#organization\",\"name\":\"MonsterPost T\u00fcrkiye\",\"url\":\"https:\/\/monsterspost.com\/tr\/\",\"logo\":{\"@type\":\"ImageObject\",\"inLanguage\":\"tr\",\"@id\":\"https:\/\/monsterspost.com\/tr\/#\/schema\/logo\/image\/\",\"url\":\"https:\/\/monsterspost.com\/tr\/wp-content\/uploads\/sites\/8\/2020\/03\/Logo-TM.png\",\"contentUrl\":\"https:\/\/monsterspost.com\/tr\/wp-content\/uploads\/sites\/8\/2020\/03\/Logo-TM.png\",\"width\":180,\"height\":180,\"caption\":\"MonsterPost T\u00fcrkiye\"},\"image\":{\"@id\":\"https:\/\/monsterspost.com\/tr\/#\/schema\/logo\/image\/\"},\"sameAs\":[\"https:\/\/www.instagram.com\/template_monster\/\",\"https:\/\/www.pinterest.com\/templatemonster\/\",\"https:\/\/www.youtube.com\/user\/TemplateMonsterCo\/\",\"https:\/\/www.facebook.com\/TemplateMonsterTurkey\/\",\"https:\/\/twitter.com\/templatemonster\"]}]}<\/script>\n<!-- \/ Yoast SEO plugin. -->","yoast_head_json":{"title":"Contacts \u2b50 Blog TemplateMonster T\u00fcrkiye","description":"MonsterPost Blog Ki\u015fileri Siteyle ilgili herhangi bir sorunuz, \u00f6neriniz veya bildiriminiz varsa, l\u00fctfen bize bildirin! L\u00fctfen ad\u0131n\u0131z\u0131 giriniz. L\u00fctfen","robots":{"index":"index","follow":"follow","max-snippet":"max-snippet:-1","max-image-preview":"max-image-preview:large","max-video-preview":"max-video-preview:-1"},"canonical":"https:\/\/monsterspost.com\/tr\/contacts\/","og_locale":"tr_TR","og_type":"article","og_title":"Contacts \u2b50 Blog TemplateMonster T\u00fcrkiye","og_description":"MonsterPost Blog Ki\u015fileri Siteyle ilgili herhangi bir sorunuz, \u00f6neriniz veya bildiriminiz varsa, l\u00fctfen bize bildirin! L\u00fctfen ad\u0131n\u0131z\u0131 giriniz. L\u00fctfen","og_url":"https:\/\/monsterspost.com\/tr\/contacts\/","og_site_name":"Blog TemplateMonster T\u00fcrkiye","article_publisher":"https:\/\/www.facebook.com\/TemplateMonsterTurkey\/","article_modified_time":"2020-03-23T14:27:02+00:00","og_image":[{"width":900,"height":506,"url":"https:\/\/monsterspost.com\/tr\/wp-content\/uploads\/sites\/8\/2020\/03\/TemplateMonster.jpg","type":"image\/jpeg"}],"twitter_card":"summary_large_image","twitter_site":"@templatemonster","schema":{"@context":"https:\/\/schema.org","@graph":[{"@type":"WebPage","@id":"https:\/\/monsterspost.com\/tr\/contacts\/","url":"https:\/\/monsterspost.com\/tr\/contacts\/","name":"Contacts \u2b50 Blog TemplateMonster T\u00fcrkiye","isPartOf":{"@id":"https:\/\/monsterspost.com\/tr\/#website"},"datePublished":"2019-07-15T11:08:08+00:00","dateModified":"2020-03-23T14:27:02+00:00","description":"MonsterPost Blog Ki\u015fileri Siteyle ilgili herhangi bir sorunuz, \u00f6neriniz veya bildiriminiz varsa, l\u00fctfen bize bildirin! L\u00fctfen ad\u0131n\u0131z\u0131 giriniz. L\u00fctfen","breadcrumb":{"@id":"https:\/\/monsterspost.com\/tr\/contacts\/#breadcrumb"},"inLanguage":"tr","potentialAction":[{"@type":"ReadAction","target":["https:\/\/monsterspost.com\/tr\/contacts\/"]}]},{"@type":"BreadcrumbList","@id":"https:\/\/monsterspost.com\/tr\/contacts\/#breadcrumb","itemListElement":[{"@type":"ListItem","position":1,"name":"Home","item":"https:\/\/monsterspost.com\/tr\/"},{"@type":"ListItem","position":2,"name":"Contacts"}]},{"@type":"WebSite","@id":"https:\/\/monsterspost.com\/tr\/#website","url":"https:\/\/monsterspost.com\/tr\/","name":"Blog TemplateMonster T\u00fcrkiye","description":"Just another MonsterPost Sites site","publisher":{"@id":"https:\/\/monsterspost.com\/tr\/#organization"},"potentialAction":[{"@type":"SearchAction","target":{"@type":"EntryPoint","urlTemplate":"https:\/\/monsterspost.com\/tr\/?s={search_term_string}"},"query-input":"required name=search_term_string"}],"inLanguage":"tr"},{"@type":"Organization","@id":"https:\/\/monsterspost.com\/tr\/#organization","name":"MonsterPost T\u00fcrkiye","url":"https:\/\/monsterspost.com\/tr\/","logo":{"@type":"ImageObject","inLanguage":"tr","@id":"https:\/\/monsterspost.com\/tr\/#\/schema\/logo\/image\/","url":"https:\/\/monsterspost.com\/tr\/wp-content\/uploads\/sites\/8\/2020\/03\/Logo-TM.png","contentUrl":"https:\/\/monsterspost.com\/tr\/wp-content\/uploads\/sites\/8\/2020\/03\/Logo-TM.png","width":180,"height":180,"caption":"MonsterPost T\u00fcrkiye"},"image":{"@id":"https:\/\/monsterspost.com\/tr\/#\/schema\/logo\/image\/"},"sameAs":["https:\/\/www.instagram.com\/template_monster\/","https:\/\/www.pinterest.com\/templatemonster\/","https:\/\/www.youtube.com\/user\/TemplateMonsterCo\/","https:\/\/www.facebook.com\/TemplateMonsterTurkey\/","https:\/\/twitter.com\/templatemonster"]}]}},"_links":{"self":[{"href":"https:\/\/monsterspost.com\/tr\/wp-json\/wp\/v2\/pages\/9318"}],"collection":[{"href":"https:\/\/monsterspost.com\/tr\/wp-json\/wp\/v2\/pages"}],"about":[{"href":"https:\/\/monsterspost.com\/tr\/wp-json\/wp\/v2\/types\/page"}],"author":[{"embeddable":true,"href":"https:\/\/monsterspost.com\/tr\/wp-json\/wp\/v2\/users\/1646486"}],"replies":[{"embeddable":true,"href":"https:\/\/monsterspost.com\/tr\/wp-json\/wp\/v2\/comments?post=9318"}],"version-history":[{"count":3,"href":"https:\/\/monsterspost.com\/tr\/wp-json\/wp\/v2\/pages\/9318\/revisions"}],"predecessor-version":[{"id":12473,"href":"https:\/\/monsterspost.com\/tr\/wp-json\/wp\/v2\/pages\/9318\/revisions\/12473"}],"wp:attachment":[{"href":"https:\/\/monsterspost.com\/tr\/wp-json\/wp\/v2\/media?parent=9318"}],"curies":[{"name":"wp","href":"https:\/\/api.w.org\/{rel}","templated":true}]}}